{"id":33127,"date":"2022-01-04T11:35:01","date_gmt":"2022-01-04T11:35:01","guid":{"rendered":"https:\/\/firestarter-studios.com\/datenschutz-bestimmungen\/"},"modified":"2022-09-29T12:11:03","modified_gmt":"2022-09-29T12:11:03","slug":"datenschutzerklaerung","status":"publish","type":"page","link":"https:\/\/firestarter-studios.com\/de\/datenschutzerklaerung\/","title":{"rendered":"Datenschutzerkl\u00e4rung"},"content":{"rendered":"<p>[vc_row full_width=&#8221;stretch_row&#8221; css=&#8221;.vc_custom_1504937430105{margin-top: 0px !important;margin-bottom: 0px !important;padding-top: 160px !important;padding-bottom: 70px !important;background-color: #222222 !important;}&#8221;][vc_column css=&#8221;.vc_custom_1501629540649{margin-top: 0px !important;margin-bottom: 0px !important;padding-top: 0px !important;padding-bottom: 0px !important;}&#8221;][vc_column_text]<\/p>\n<h1 style=\"text-align: center; color: #ffffff;\">DATENSCHUTZERKL\u00c4RUNG<\/h1>\n<p>[\/vc_column_text][vc_row_inner][vc_column_inner width=&#8221;1\/6&#8243;][\/vc_column_inner][vc_column_inner width=&#8221;2\/3&#8243;][vc_column_text]<\/p>\n<p style=\"text-align: center;\">Die W\u00f6rter \u201ewir\u201c, uns\u201c und \u201eunsere\u201c in dieser Datenschutzerkl\u00e4rung und alle davon abgeleiteten grammatischen Formen beziehen sich auf <a href=\"https:\/\/www.firestarter-studios.com\/\"><u>www.firestarter-studios.com<\/u><\/a>\u00a0und alle damit verbundenen K\u00f6rperschaften und juristischen Personen. Diese Datenschutzerkl\u00e4rung beschreibt, wie wir mit den von Ihnen \u00fcber unsere Website <a href=\"https:\/\/www.firestarter-studios.com\/\"><u>www.firestarter-studios.com<\/u><\/a>\u00a0bereitgestellten Daten umgehen. Durch Ihre Nutzung unserer Website akzeptieren Sie diese Datenschutzerkl\u00e4rung und willigen ausdr\u00fccklich in unsere Erfassung, Nutzung und Offenlegung Ihrer personenbezogenen Daten ein. Diese Datenschutzerkl\u00e4rung bezieht die in der Datenschutzgrundverordnung (DSGVO) der EU enthaltenen Datenschutzbestimmungen ausdr\u00fccklich ein, zu deren Einhaltung wir verpflichtet sind.<\/p>\n<p>[\/vc_column_text][\/vc_column_inner][vc_column_inner width=&#8221;1\/6&#8243;][\/vc_column_inner][\/vc_row_inner][\/vc_column][\/vc_row][vc_row css=&#8221;.vc_custom_1501629612815{margin-top: 0px !important;margin-right: 0px !important;margin-bottom: 0px !important;margin-left: 0px !important;padding-top: 0px !important;padding-right: 0px !important;padding-bottom: 0px !important;padding-left: 0px !important;}&#8221;][vc_column css=&#8221;.vc_custom_1500963831822{margin-top: 0px !important;margin-right: 0px !important;margin-bottom: 0px !important;margin-left: 0px !important;padding-top: 0px !important;padding-right: 0px !important;padding-bottom: 0px !important;padding-left: 0px !important;}&#8221;][\/vc_column][\/vc_row][vc_row full_width=&#8221;stretch_row&#8221; css=&#8221;.vc_custom_1504937439233{margin-top: 0px !important;margin-bottom: 0px !important;padding-top: 60px !important;padding-bottom: 60px !important;background-color: #111111 !important;}&#8221;][vc_column width=&#8221;1\/6&#8243;][\/vc_column][vc_column width=&#8221;2\/3&#8243;][vc_column_text]<\/p>\n<div class=\"title-h5 title-h4\" style=\"text-align: center;\"><span class=\"light white\">Welche Informationen Erfassen wir?<\/span><\/div>\n<p style=\"text-align: center;\"><span class=\"\">Personenbezogene Daten sind Informationen oder Stellungsnahmen zu einzelnen Personen, anhand deren diese identifiziert werden k\u00f6nnen. Wir erfassen Ihre personenbezogenen Daten im Einklang mit der DSGVO auf rechtm\u00e4\u00dfige und faire Weise ohne unangemessene Eingriffe in Ihre Privatsph\u00e4re, und auch nur dann, wenn dies f\u00fcr Aktivit\u00e4ten in Verbindung mit der Bereitstellung unserer Dienste f\u00fcr Sie erforderlich ist. Wir k\u00f6nnen Informationen, die von Ihnen in unsere Finanzdatensoftware eingegeben oder auf Ihre Anweisung importiert werden, sammeln und speichern. Diese Informationen sind erforderlich, damit wir Ihnen unsere Dienste zur Verf\u00fcgung stellen k\u00f6nnen. Wenn dies rechtm\u00e4\u00dfig und praktisch m\u00f6glich ist, haben Sie die Option, sich bei der Durchf\u00fchrung von Transaktionen mit uns nicht namentlich zu identifizieren. Wenn Sie sich gegen eine solche Identifizierung entscheiden, behindert dies ggf. jedoch unsere F\u00e4higkeit, Ihnen unsere Dienste zur Verf\u00fcgung zu stellen. Wenn Sie unsere Website aufsuchen, erfassen wir ggf. automatisch Informationen \u00fcber Ihre Person, darunter Zugangsdaten, IP-Adressen, Webstatistiken und andere Informationen, die zur Sicherstellung der ordnungsgem\u00e4\u00dfen Funktion der Site erforderlich sind.<\/span><\/p>\n<p>[\/vc_column_text][vc_empty_space][vc_column_text]<\/p>\n<div class=\"title-h5 title-h4\" style=\"text-align: center;\"><span class=\"light white\">Verwenden wir Cookies?<\/span><\/div>\n<p style=\"text-align: center;\"><span class=\"\">Cookies sind kleine Dateien, die ein Site- oder Dienstleistungsanbieter \u00fcber Ihren Webbrowser auf die Festplatte Ihres Computers \u00fcbertr\u00e4gt, um unsere Site in die Lage zu versetzen, Ihren Browser zu erkennen und bestimmte Informationen zu speichern. Wir verwenden Cookies, um Werbung und Anzeigen nachzuverfolgen und aggregierte Daten \u00fcber den Site-Verkehr und Interaktionen mit der Site zusammenzustellen, damit wir Ihnen in Zukunft eine bessere Erfahrung mit der Website und bessere Tools anbieten k\u00f6nnen. Sie sollten Ihren Computer so konfigurieren k\u00f6nnen, dass er Cookies deaktiviert bzw. sie nicht akzeptiert. Bestimmte Drittanbieter, darunter auch Google, verwenden beispielsweise Cookies zur Bereitstellung von Anzeigen, die auf Ihren bereits stattgefundenen Besuchen ihrer Websites beruhen. Sie haben die M\u00f6glichkeit, die Nutzung von Cookies durch Google abzulehnen, indem Sie die Google-Website f\u00fcr das Ablehnen von Werbung (www.google.com\/privacy_ads.html) aufsuchen.<\/span><\/p>\n<p style=\"text-align: center;\"><span class=\"\">Wir nutzen personenbezogene Daten, um Ihren Computer zu identifizieren und zu tracken. Wenn Sie dies ablehnen m\u00f6chten, konfigurieren Sie Ihre Google Ad-Einstellungen entsprechend.<\/span><\/p>\n<p>[\/vc_column_text][vc_empty_space][vc_column_text]<\/p>\n<div class=\"title-h5 title-h4\" style=\"text-align: center;\"><span class=\"light white\">Nutzung und Offenlegung<\/span><\/div>\n<p style=\"text-align: center;\"><span class=\"\">Wir verpflichten uns, Ihre personenbezogenen Daten ausschlie\u00dflich zu dem Prim\u00e4rzweck zu nutzen und offenzulegen, zu dem sie erfasst wurden, sowie zu bestimmten, vern\u00fcnftigerweise zu erwartenden sekund\u00e4ren (mit dem Prim\u00e4rzweck zusammenh\u00e4ngenden) Zwecken.<\/span><\/p>\n<p>[\/vc_column_text][\/vc_column][vc_column width=&#8221;1\/6&#8243;][\/vc_column][\/vc_row][vc_row css=&#8221;.vc_custom_1500963848742{margin-top: 0px !important;margin-right: 0px !important;margin-bottom: 0px !important;margin-left: 0px !important;padding-top: 0px !important;padding-right: 0px !important;padding-bottom: 0px !important;padding-left: 0px !important;}&#8221;][vc_column css=&#8221;.vc_custom_1500963831822{margin-top: 0px !important;margin-right: 0px !important;margin-bottom: 0px !important;margin-left: 0px !important;padding-top: 0px !important;padding-right: 0px !important;padding-bottom: 0px !important;padding-left: 0px !important;}&#8221;][\/vc_column][\/vc_row]<\/p>\n","protected":false},"excerpt":{"rendered":"","protected":false},"author":1,"featured_media":0,"parent":0,"menu_order":0,"comment_status":"closed","ping_status":"closed","template":"","meta":{"footnotes":""},"class_list":["post-33127","page","type-page","status-publish"],"acf":[],"yoast_head":"<!-- This site is optimized with the Yoast SEO plugin v18.5 - https:\/\/yoast.com\/wordpress\/plugins\/seo\/ -->\n<title>Datenschutzerkl\u00e4rung - Fire Starter Studios<\/title>\n<meta name=\"description\" content=\"Datenschutzerkl\u00e4rung . Discover this and more from Fire Starter Studios - video production company.\" \/>\n<meta name=\"robots\" content=\"index, follow, max-snippet:-1, max-image-preview:large, max-video-preview:-1\" \/>\n<link rel=\"canonical\" href=\"https:\/\/firestarter-studios.com\/de\/datenschutzerklaerung\/\" \/>\n<meta property=\"og:locale\" content=\"de_DE\" \/>\n<meta property=\"og:type\" content=\"article\" \/>\n<meta property=\"og:title\" content=\"Datenschutzerkl\u00e4rung - Fire Starter Studios\" \/>\n<meta property=\"og:description\" content=\"Datenschutzerkl\u00e4rung . Discover this and more from Fire Starter Studios - video production company.\" \/>\n<meta property=\"og:url\" content=\"https:\/\/firestarter-studios.com\/de\/datenschutzerklaerung\/\" \/>\n<meta property=\"og:site_name\" content=\"Fire Starter Studios\" \/>\n<meta property=\"article:modified_time\" content=\"2022-09-29T12:11:03+00:00\" \/>\n<meta name=\"twitter:card\" content=\"summary\" \/>\n<meta name=\"twitter:label1\" content=\"Gesch\u00e4tzte Lesezeit\" \/>\n\t<meta name=\"twitter:data1\" content=\"3\u00a0Minuten\" \/>\n<!-- \/ Yoast SEO plugin. -->","yoast_head_json":{"title":"Datenschutzerkl\u00e4rung - Fire Starter Studios","description":"Datenschutzerkl\u00e4rung . Discover this and more from Fire Starter Studios - video production company.","robots":{"index":"index","follow":"follow","max-snippet":"max-snippet:-1","max-image-preview":"max-image-preview:large","max-video-preview":"max-video-preview:-1"},"canonical":"https:\/\/firestarter-studios.com\/de\/datenschutzerklaerung\/","og_locale":"de_DE","og_type":"article","og_title":"Datenschutzerkl\u00e4rung - Fire Starter Studios","og_description":"Datenschutzerkl\u00e4rung . Discover this and more from Fire Starter Studios - video production company.","og_url":"https:\/\/firestarter-studios.com\/de\/datenschutzerklaerung\/","og_site_name":"Fire Starter Studios","article_modified_time":"2022-09-29T12:11:03+00:00","twitter_card":"summary","twitter_misc":{"Gesch\u00e4tzte Lesezeit":"3\u00a0Minuten"},"schema":{"@context":"https:\/\/schema.org","@graph":[{"@type":"Organization","@id":"https:\/\/firestarter-studios.com\/#organization","name":"Fire Starter Studios","url":"https:\/\/firestarter-studios.com\/","sameAs":[],"logo":{"@type":"ImageObject","@id":"https:\/\/firestarter-studios.com\/#logo","inLanguage":"de","url":"https:\/\/firestarter-studios.com\/wp-content\/uploads\/2021\/12\/fire-starter-studios-logo.png","contentUrl":"https:\/\/firestarter-studios.com\/wp-content\/uploads\/2021\/12\/fire-starter-studios-logo.png","width":264,"height":62,"caption":"Fire Starter Studios"},"image":{"@id":"https:\/\/firestarter-studios.com\/#logo"}},{"@type":"WebSite","@id":"https:\/\/firestarter-studios.com\/#website","url":"https:\/\/firestarter-studios.com\/","name":"Fire Starter Studios","description":"Creative Storytelling for Entertainment, Brands, and Businesses","publisher":{"@id":"https:\/\/firestarter-studios.com\/#organization"},"potentialAction":[{"@type":"SearchAction","target":{"@type":"EntryPoint","urlTemplate":"https:\/\/firestarter-studios.com\/?s={search_term_string}"},"query-input":"required name=search_term_string"}],"inLanguage":"de"},{"@type":"WebPage","@id":"https:\/\/firestarter-studios.com\/de\/datenschutzerklaerung\/#webpage","url":"https:\/\/firestarter-studios.com\/de\/datenschutzerklaerung\/","name":"Datenschutzerkl\u00e4rung - Fire Starter Studios","isPartOf":{"@id":"https:\/\/firestarter-studios.com\/#website"},"datePublished":"2022-01-04T11:35:01+00:00","dateModified":"2022-09-29T12:11:03+00:00","description":"Datenschutzerkl\u00e4rung . Discover this and more from Fire Starter Studios - video production company.","breadcrumb":{"@id":"https:\/\/firestarter-studios.com\/de\/datenschutzerklaerung\/#breadcrumb"},"inLanguage":"de","potentialAction":[{"@type":"ReadAction","target":["https:\/\/firestarter-studios.com\/de\/datenschutzerklaerung\/"]}]},{"@type":"BreadcrumbList","@id":"https:\/\/firestarter-studios.com\/de\/datenschutzerklaerung\/#breadcrumb","itemListElement":[{"@type":"ListItem","position":1,"name":"Home","item":"https:\/\/firestarter-studios.com\/de\/"},{"@type":"ListItem","position":2,"name":"Datenschutzerkl\u00e4rung"}]}]}},"_links":{"self":[{"href":"https:\/\/firestarter-studios.com\/de\/wp-json\/wp\/v2\/pages\/33127","targetHints":{"allow":["GET"]}}],"collection":[{"href":"https:\/\/firestarter-studios.com\/de\/wp-json\/wp\/v2\/pages"}],"about":[{"href":"https:\/\/firestarter-studios.com\/de\/wp-json\/wp\/v2\/types\/page"}],"author":[{"embeddable":true,"href":"https:\/\/firestarter-studios.com\/de\/wp-json\/wp\/v2\/users\/1"}],"replies":[{"embeddable":true,"href":"https:\/\/firestarter-studios.com\/de\/wp-json\/wp\/v2\/comments?post=33127"}],"version-history":[{"count":4,"href":"https:\/\/firestarter-studios.com\/de\/wp-json\/wp\/v2\/pages\/33127\/revisions"}],"predecessor-version":[{"id":33663,"href":"https:\/\/firestarter-studios.com\/de\/wp-json\/wp\/v2\/pages\/33127\/revisions\/33663"}],"wp:attachment":[{"href":"https:\/\/firestarter-studios.com\/de\/wp-json\/wp\/v2\/media?parent=33127"}],"curies":[{"name":"wp","href":"https:\/\/api.w.org\/{rel}","templated":true}]}}