{"id":33128,"date":"2022-01-04T11:40:08","date_gmt":"2022-01-04T11:40:08","guid":{"rendered":"https:\/\/firestarter-studios.com\/terms-amp-bedingungen\/"},"modified":"2022-09-29T12:21:13","modified_gmt":"2022-09-29T12:21:13","slug":"terms-bedingungen","status":"publish","type":"page","link":"https:\/\/firestarter-studios.com\/de\/terms-bedingungen\/","title":{"rendered":"Allgemeine Gesch\u00e4ftsbedingungen"},"content":{"rendered":"<p>[vc_row full_width=&#8221;stretch_row&#8221; css=&#8221;.vc_custom_1504937853485{margin-top: 0px !important;margin-bottom: 0px !important;padding-top: 160px !important;padding-bottom: 70px !important;background-color: #222222 !important;}&#8221;][vc_column css=&#8221;.vc_custom_1501629540649{margin-top: 0px !important;margin-bottom: 0px !important;padding-top: 0px !important;padding-bottom: 0px !important;}&#8221;][vc_column_text]<\/p>\n<div class=\"title-h1 white\" style=\"text-align: center;\">\n<h1 class=\"light\" style=\"text-align: center;\">Terms-Bedingungen<\/h1>\n<\/div>\n<p>[\/vc_column_text][vc_row_inner][vc_column_inner width=&#8221;1\/6&#8243;][\/vc_column_inner][vc_column_inner width=&#8221;2\/3&#8243;][vc_column_text]<\/p>\n<p style=\"text-align: center;\"><span style=\"text-align: center;\">Beim Drehen eines Videos denken die meisten Menschen nur \u00fcber die damit verbundene Vision nach. Allerdings kann der*die von Ihnen gew\u00e4hlte Sprecher*in einen enormen Einfluss auf die Vermittlung Ihrer Inhalte haben. Wir bei Fire Starter Studios sind stolz darauf, uns der Dienste einige der besten Voice Actors\/Sprecher*innen der Welt versichert zu haben \u2013 eines Talentschuppens, der auf dem Gesch\u00e4ftsfeld der Erkl\u00e4rungsvideos seinesgleichen sucht. Hier sehen Sie eine Liste einiger der Unternehmen, denen sie ihre Stimme geliehen haben.<\/span><\/p>\n<p>[\/vc_column_text][\/vc_column_inner][vc_column_inner width=&#8221;1\/6&#8243;][\/vc_column_inner][\/vc_row_inner][\/vc_column][\/vc_row][vc_row css=&#8221;.vc_custom_1501629612815{margin-top: 0px !important;margin-right: 0px !important;margin-bottom: 0px !important;margin-left: 0px !important;padding-top: 0px !important;padding-right: 0px !important;padding-bottom: 0px !important;padding-left: 0px !important;}&#8221;][vc_column css=&#8221;.vc_custom_1500963831822{margin-top: 0px !important;margin-right: 0px !important;margin-bottom: 0px !important;margin-left: 0px !important;padding-top: 0px !important;padding-right: 0px !important;padding-bottom: 0px !important;padding-left: 0px !important;}&#8221;][\/vc_column][\/vc_row][vc_row full_width=&#8221;stretch_row&#8221; css=&#8221;.vc_custom_1504937863272{margin-top: 0px !important;margin-bottom: 0px !important;padding-top: 60px !important;padding-bottom: 60px !important;background-color: #111111 !important;}&#8221;][vc_column width=&#8221;1\/6&#8243;][\/vc_column][vc_column width=&#8221;2\/3&#8243;][vc_column_text]<\/p>\n<div class=\"title-h5 title-h4\" style=\"text-align: center;\"><span class=\"light white\">UMTAUSCH<\/span><\/div>\n<p style=\"text-align: center;\">Da wir digitale Produkte erzeugen, bieten wir keinerlei Umtauschm\u00f6glichkeiten an.<\/p>\n<p>[\/vc_column_text][vc_empty_space][vc_column_text]<\/p>\n<div class=\"title-h5 title-h4\" style=\"text-align: center;\"><span class=\"light white\">R\u00fcckerstattungen<\/span><\/div>\n<p style=\"text-align: center;\">Bevor wir mit der Arbeit an einem Video beginnen, bestehen wir auf einer Anzahlung in H\u00f6he von 50\u00a0% der ausgestellten Rechnung. R\u00fcckerstattungen sind innerhalb der ersten 14 Tage nach Unterzeichnung des Vertrags m\u00f6glich. Nach Aufnahme der Arbeit sind keine R\u00fcckerstattungen mehr m\u00f6glich.<\/p>\n<p>[\/vc_column_text][vc_empty_space][vc_column_text]<\/p>\n<div class=\"title-h5 title-h4\" style=\"text-align: center;\"><span class=\"light white\">Stornierung<\/span><\/div>\n<p style=\"text-align: center;\">Sollte ein Kunde einen Auftrag zu stornieren w\u00fcnschen, kann er dies jederzeit tun. Allerdings greift in diesem Fall die (oben beschriebene) R\u00fcckerstattungsbestimmung.<\/p>\n<p>[\/vc_column_text][vc_empty_space][vc_column_text]<\/p>\n<div class=\"title-h5 title-h4\" style=\"text-align: center;\"><span class=\"light white\">Garantien<\/span><\/div>\n<p style=\"text-align: center;\">Auf alle Videos werden die folgenden Garantien gew\u00e4hrt:<\/p>\n<ul style=\"text-align: center;\">\n<li>Bei allen Produktionen handelt es sich um Originalwerke, die gegen keine Urheberrechte Dritter versto\u00dfen.<\/li>\n<li>Alle fertigen Videos werden in den Formaten HD, SD, WMV und MP4 geliefert.<\/li>\n<li>Alle Dateien werden dem Kunden in einem einwandfreien Zustand (ohne Datensch\u00e4den) \u00fcbergeben und sind f\u00fcr das Hochladen auf YouTube oder ein anderes Video-Hosting-Portal geeignet.<\/li>\n<li>Bei allen Werken handelt es sich um \u201eAuftragsarbeiten\u201c, d.\u00a0h. der Kunde ist Eigent\u00fcmer des gesamten Videos, ohne jegliche laufende Lizenzgeb\u00fchren oder urheberrechtliche Verpflichtungen gegen\u00fcber Fire Starter Studios oder damit verbundenen K\u00f6rperschaften.<\/li>\n<\/ul>\n<p>[\/vc_column_text][\/vc_column][vc_column width=&#8221;1\/6&#8243;][\/vc_column][\/vc_row][vc_row css=&#8221;.vc_custom_1500963848742{margin-top: 0px !important;margin-right: 0px !important;margin-bottom: 0px !important;margin-left: 0px !important;padding-top: 0px !important;padding-right: 0px !important;padding-bottom: 0px !important;padding-left: 0px !important;}&#8221;][vc_column css=&#8221;.vc_custom_1500963831822{margin-top: 0px !important;margin-right: 0px !important;margin-bottom: 0px !important;margin-left: 0px !important;padding-top: 0px !important;padding-right: 0px !important;padding-bottom: 0px !important;padding-left: 0px !important;}&#8221;][\/vc_column][\/vc_row]<\/p>\n","protected":false},"excerpt":{"rendered":"","protected":false},"author":1,"featured_media":0,"parent":0,"menu_order":0,"comment_status":"closed","ping_status":"closed","template":"","meta":{"footnotes":""},"class_list":["post-33128","page","type-page","status-publish"],"acf":[],"yoast_head":"<!-- This site is optimized with the Yoast SEO plugin v18.5 - https:\/\/yoast.com\/wordpress\/plugins\/seo\/ -->\n<title>Allgemeine Gesch\u00e4ftsbedingungen - Fire Starter Studios<\/title>\n<meta name=\"description\" content=\"Allgemeine Gesch\u00e4ftsbedingungen . Discover this and more from Fire Starter Studios - video production company.\" \/>\n<meta name=\"robots\" content=\"index, follow, max-snippet:-1, max-image-preview:large, max-video-preview:-1\" \/>\n<link rel=\"canonical\" href=\"https:\/\/firestarter-studios.com\/de\/terms-bedingungen\/\" \/>\n<meta property=\"og:locale\" content=\"de_DE\" \/>\n<meta property=\"og:type\" content=\"article\" \/>\n<meta property=\"og:title\" content=\"Allgemeine Gesch\u00e4ftsbedingungen - Fire Starter Studios\" \/>\n<meta property=\"og:description\" content=\"Allgemeine Gesch\u00e4ftsbedingungen . Discover this and more from Fire Starter Studios - video production company.\" \/>\n<meta property=\"og:url\" content=\"https:\/\/firestarter-studios.com\/de\/terms-bedingungen\/\" \/>\n<meta property=\"og:site_name\" content=\"Fire Starter Studios\" \/>\n<meta property=\"article:modified_time\" content=\"2022-09-29T12:21:13+00:00\" \/>\n<meta name=\"twitter:card\" content=\"summary\" \/>\n<meta name=\"twitter:label1\" content=\"Gesch\u00e4tzte Lesezeit\" \/>\n\t<meta name=\"twitter:data1\" content=\"2\u00a0Minuten\" \/>\n<!-- \/ Yoast SEO plugin. -->","yoast_head_json":{"title":"Allgemeine Gesch\u00e4ftsbedingungen - Fire Starter Studios","description":"Allgemeine Gesch\u00e4ftsbedingungen . Discover this and more from Fire Starter Studios - video production company.","robots":{"index":"index","follow":"follow","max-snippet":"max-snippet:-1","max-image-preview":"max-image-preview:large","max-video-preview":"max-video-preview:-1"},"canonical":"https:\/\/firestarter-studios.com\/de\/terms-bedingungen\/","og_locale":"de_DE","og_type":"article","og_title":"Allgemeine Gesch\u00e4ftsbedingungen - Fire Starter Studios","og_description":"Allgemeine Gesch\u00e4ftsbedingungen . Discover this and more from Fire Starter Studios - video production company.","og_url":"https:\/\/firestarter-studios.com\/de\/terms-bedingungen\/","og_site_name":"Fire Starter Studios","article_modified_time":"2022-09-29T12:21:13+00:00","twitter_card":"summary","twitter_misc":{"Gesch\u00e4tzte Lesezeit":"2\u00a0Minuten"},"schema":{"@context":"https:\/\/schema.org","@graph":[{"@type":"Organization","@id":"https:\/\/firestarter-studios.com\/#organization","name":"Fire Starter Studios","url":"https:\/\/firestarter-studios.com\/","sameAs":[],"logo":{"@type":"ImageObject","@id":"https:\/\/firestarter-studios.com\/#logo","inLanguage":"de","url":"https:\/\/firestarter-studios.com\/wp-content\/uploads\/2021\/12\/fire-starter-studios-logo.png","contentUrl":"https:\/\/firestarter-studios.com\/wp-content\/uploads\/2021\/12\/fire-starter-studios-logo.png","width":264,"height":62,"caption":"Fire Starter Studios"},"image":{"@id":"https:\/\/firestarter-studios.com\/#logo"}},{"@type":"WebSite","@id":"https:\/\/firestarter-studios.com\/#website","url":"https:\/\/firestarter-studios.com\/","name":"Fire Starter Studios","description":"Creative Storytelling for Entertainment, Brands, and Businesses","publisher":{"@id":"https:\/\/firestarter-studios.com\/#organization"},"potentialAction":[{"@type":"SearchAction","target":{"@type":"EntryPoint","urlTemplate":"https:\/\/firestarter-studios.com\/?s={search_term_string}"},"query-input":"required name=search_term_string"}],"inLanguage":"de"},{"@type":"WebPage","@id":"https:\/\/firestarter-studios.com\/de\/terms-bedingungen\/#webpage","url":"https:\/\/firestarter-studios.com\/de\/terms-bedingungen\/","name":"Allgemeine Gesch\u00e4ftsbedingungen - Fire Starter Studios","isPartOf":{"@id":"https:\/\/firestarter-studios.com\/#website"},"datePublished":"2022-01-04T11:40:08+00:00","dateModified":"2022-09-29T12:21:13+00:00","description":"Allgemeine Gesch\u00e4ftsbedingungen . Discover this and more from Fire Starter Studios - video production company.","breadcrumb":{"@id":"https:\/\/firestarter-studios.com\/de\/terms-bedingungen\/#breadcrumb"},"inLanguage":"de","potentialAction":[{"@type":"ReadAction","target":["https:\/\/firestarter-studios.com\/de\/terms-bedingungen\/"]}]},{"@type":"BreadcrumbList","@id":"https:\/\/firestarter-studios.com\/de\/terms-bedingungen\/#breadcrumb","itemListElement":[{"@type":"ListItem","position":1,"name":"Home","item":"https:\/\/firestarter-studios.com\/de\/"},{"@type":"ListItem","position":2,"name":"Allgemeine Gesch\u00e4ftsbedingungen"}]}]}},"_links":{"self":[{"href":"https:\/\/firestarter-studios.com\/de\/wp-json\/wp\/v2\/pages\/33128","targetHints":{"allow":["GET"]}}],"collection":[{"href":"https:\/\/firestarter-studios.com\/de\/wp-json\/wp\/v2\/pages"}],"about":[{"href":"https:\/\/firestarter-studios.com\/de\/wp-json\/wp\/v2\/types\/page"}],"author":[{"embeddable":true,"href":"https:\/\/firestarter-studios.com\/de\/wp-json\/wp\/v2\/users\/1"}],"replies":[{"embeddable":true,"href":"https:\/\/firestarter-studios.com\/de\/wp-json\/wp\/v2\/comments?post=33128"}],"version-history":[{"count":4,"href":"https:\/\/firestarter-studios.com\/de\/wp-json\/wp\/v2\/pages\/33128\/revisions"}],"predecessor-version":[{"id":33668,"href":"https:\/\/firestarter-studios.com\/de\/wp-json\/wp\/v2\/pages\/33128\/revisions\/33668"}],"wp:attachment":[{"href":"https:\/\/firestarter-studios.com\/de\/wp-json\/wp\/v2\/media?parent=33128"}],"curies":[{"name":"wp","href":"https:\/\/api.w.org\/{rel}","templated":true}]}}