{"id":33129,"date":"2022-01-04T11:47:29","date_gmt":"2022-01-04T11:47:29","guid":{"rendered":"https:\/\/firestarter-studios.com\/kontaktiere-uns\/"},"modified":"2022-09-30T12:52:47","modified_gmt":"2022-09-30T12:52:47","slug":"kontaktinfo-2","status":"publish","type":"page","link":"https:\/\/firestarter-studios.com\/de\/kontaktinfo-2\/","title":{"rendered":"KONTAKTINFO"},"content":{"rendered":"<p>[vc_row full_width=&#8221;stretch_row_content&#8221; css=&#8221;.vc_custom_1505227480943{margin-bottom: 0px !important;padding-top: 70px !important;background-image: url(https:\/\/firestarter-studios.com\/wp-content\/uploads\/2016\/03\/contact-form-bg_updated_newer.jpg?id=30185) !important;background-position: center !important;background-repeat: no-repeat !important;background-size: cover !important;}&#8221;][vc_column el_class=&#8221;.wpb_widgetised_column .line-2&#8243; css=&#8221;.vc_custom_1458295477548{padding-left: 60px !important;}&#8221;]<div class=\"clearboth\"><\/div><div class=\"gem-divider \" style=\"margin-top: 50px;\"><\/div>[vc_column_text css_animation=&#8221;fadeInLeft&#8221;]<\/p>\n<div class=\"title-h2 white\">Los Angeles<\/div>\n<p>[\/vc_column_text]<div class=\"clearboth\"><\/div><div class=\"gem-divider \" style=\"margin-top: 32px;\"><\/div>[vc_row_inner css=&#8221;.vc_custom_1503926225282{margin-top: 0px !important;margin-right: 0px !important;margin-bottom: 0px !important;margin-left: -20px !important;padding-top: 0px !important;padding-right: 0px !important;padding-bottom: 0px !important;padding-left: 0px !important;}&#8221;][vc_column_inner width=&#8221;1\/3&#8243; css=&#8221;.vc_custom_1503926406055{padding-top: 20px !important;padding-right: 20px !important;padding-bottom: 20px !important;padding-left: 20px !important;background-color: rgba(17,17,17,0.65) !important;*background-color: rgb(17,17,17) !important;}&#8221;][vc_column_text css_animation=&#8221;fadeInLeft&#8221;]<\/p>\n<div class=\"title-h6\">\n<div class=\"gem-contacts-item gem-contacts-phone white\">Telefon:<br \/>\n<a style=\"color: #666666;\" href=\"tel:+%31%37%34%37%32%30%31%37%34%30%30\" target=\"_blank\" rel=\"noopener noreferrer\"><img decoding=\"async\" class=\"size-full wp-image-33022 alignleft\" src=\"https:\/\/firestarter-studios.com\/wp-content\/uploads\/2020\/03\/phone.png\" alt=\"\" width=\"138\" height=\"14\" \/><\/a><\/div>\n<div><\/div>\n<\/div>\n<div><\/div>\n<div><\/div>\n<div class=\"title-h6\">\n<div class=\"gem-contacts-item gem-contacts-email white\">Email:<br \/>\n<a style=\"color: #666666;\" href=\"mailto:hello@firestarter-studios.com\">hello@firestarter-studios.com<\/a><\/div>\n<div class=\"gem-contacts-item white\">\n<p style=\"text-transform: none; margin-bottom: -3px;\">Um einen Lebenslauf einzureichen oder sich nach einer m\u00f6glichen Anstellung zu erkundigen, senden Sie bitte eine E-Mail an:<\/p>\n<div class=\"gem-contacts-item gem-contacts-email white\"><a style=\"color: #666666;\" href=\"mailto:hello@firestarter-studios.com\"> hello@firestarter-studios.com<\/a><\/div>\n<\/div>\n<\/div>\n<p>[\/vc_column_text][\/vc_column_inner][vc_column_inner width=&#8221;2\/3&#8243;][\/vc_column_inner][\/vc_row_inner]<div class=\"clearboth\"><\/div><div class=\"gem-divider \" style=\"margin-top: 105px;\"><\/div>[\/vc_column][\/vc_row][vc_row full_width=&#8221;stretch_row_content&#8221; equal_height=&#8221;yes&#8221; content_placement=&#8221;middle&#8221; css=&#8221;.vc_custom_1502747176017{margin-bottom: 0px !important;background-color: #3a3c4d !important;}&#8221;][vc_column width=&#8221;1\/2&#8243; offset=&#8221;vc_col-lg-4 vc_col-md-4&#8243; css=&#8221;.vc_custom_1505227492577{background-image: url(https:\/\/firestarter-studios.com\/wp-content\/uploads\/2016\/03\/bg_contact_noOverlay.jpg?id=30160) !important;background-position: center !important;background-repeat: no-repeat !important;background-size: cover !important;}&#8221;]<div class=\"gem-textbox  centered-box\"  ><div class=\"gem-textbox-inner\" style=\"\"><div class=\"gem-textbox-content\" style=\"background-position: center top;\"><div class=\"clearboth\"><\/div><div class=\"gem-divider \" style=\"margin-top: 70px;\"><\/div>[vc_single_image image=&#8221;32186&#8243; img_size=&#8221;full&#8221; alignment=&#8221;center&#8221; css=&#8221;.vc_custom_1500946772383{padding-right: 45px !important;padding-left: 45px !important;}&#8221;]<div class=\"clearboth\"><\/div><div class=\"gem-divider \" style=\"margin-top: 50px;\"><\/div><div class=\"socials socials-list socials-colored socials-rounded socials-alignment-left\"><a class=\"socials-item\" target=\"_blank\" href=\"https:\/\/www.facebook.com\/firestarterstudios\"><i class=\"socials-item-icon facebook\" style=\"font-size: 32px\"><\/i><\/a><a class=\"socials-item\" target=\"_blank\" href=\"http:\/\/www.twitter.com\/firestarterEnt\"><i class=\"socials-item-icon twitter\" style=\"font-size: 32px\"><\/i><\/a><a class=\"socials-item\" target=\"_blank\" href=\"https:\/\/www.instagram.com\/firestarterstudios\/\"><i class=\"socials-item-icon instagram\" style=\"font-size: 32px\"><\/i><\/a><a class=\"socials-item\" target=\"_blank\" href=\"https:\/\/www.youtube.com\/channel\/UCmsHpzm5KPNfWTB23Bt4_sw\"><i class=\"socials-item-icon youtube\" style=\"font-size: 32px\"><\/i><\/a><\/div><div class=\"clearboth\"><\/div><div class=\"gem-divider \" style=\"margin-top: 55px;\"><\/div><\/div><\/div><\/div>[\/vc_column][vc_column width=&#8221;1\/2&#8243; css=&#8221;.vc_custom_1504643575726{padding-right: 65px !important;padding-bottom: 40px !important;padding-left: 65px !important;background-color: #111111 !important;background-position: center !important;background-repeat: no-repeat !important;background-size: cover !important;}&#8221; offset=&#8221;vc_col-lg-8 vc_col-md-8&#8243;]<div class=\"clearboth\"><\/div><div class=\"gem-divider \" style=\"margin-top: 50px;\"><\/div>[vc_column_text]<\/p>\n<h1 class=\"title-h2 white\">Kontakinfo<\/h1>\n<p class=\"white\" style=\"font-size: 22px;\">Schicken Sie Ihre Fragen zu Stellenangeboten oder Anbietern per E-Mail an <a href=\"mailto:hello@firestarter-studios.com\">hello@firestarter-studios.com<\/a><\/p>\n<p>[\/vc_column_text]<div class=\"clearboth\"><\/div><div class=\"gem-divider \" style=\"margin-top: 50px;\"><\/div>[vc_raw_html el_id=&#8221;zoho-form-contact&#8221;][\/vc_raw_html][vc_raw_html el_id=&#8221;zoho-form-contact&#8221;]JTNDJTIxLS0lMjAtLS0tLS0tLS0tLS0tLS0tLS0tLS0tLS0tLS0tLS0tLS0tLS0tLS0tLS0tLS0tLS0tLS0tLS0tLS0tLS0tLS0tLS0tLS0tJTIwLS0lM0UlMEElM0MlMjEtLSUyME5PVEUlM0ElMjBQbGVhc2UlMjBhZGQlMjB0aGUlMjBmb2xsb3dpbmclMjAlM0NNRVRBJTNFJTIwZWxlbWVudCUyMHRvJTIweW91ciUyMHBhZ2UlMjAlM0NIRUFEJTNFLiUyMCUyMCUyMCUyMCUyMCUyMC0tJTNFJTBBJTNDJTIxLS0lMjBJZiUyMG5lY2Vzc2FyeSUyQyUyMHBsZWFzZSUyMG1vZGlmeSUyMHRoZSUyMGNoYXJzZXQlMjBwYXJhbWV0ZXIlMjB0byUyMHNwZWNpZnklMjB0aGUlMjAtLSUzRSUwQSUzQyUyMS0tJTIwY2hhcmFjdGVyJTIwc2V0JTIwb2YlMjB5b3VyJTIwSFRNTCUyMHBhZ2UuJTIwLS0lM0UlMEElM0MlMjEtLSUyMC0tLS0tLS0tLS0tLS0tLS0tLS0tLS0tLS0tLS0tLS0tLS0tLS0tLS0tLS0tLS0tLS0tLS0tLS0tLS0tLS0tLS0tLS0tLS0lMjAtLSUzRSUwQSUwQSUzQ21ldGElMjBodHRwLWVxdWl2JTNEJTIyQ29udGVudC10eXBlJTIyJTIwY29udGVudCUzRCUyMnRleHQlMkZodG1sJTNCJTIwWmVpY2hlbnNhdHolM0RVVEYtOCUyMiUzRSUwQSUzQ3NjcmlwdCUyMHNyYyUzRCUyMmh0dHBzJTNBJTJGJTJGd3d3Lmdvb2dsZS5jb20lMkZyZWNhcHRjaGElMkZhcGkuanMlMjIlM0UlM0MlMkZzY3JpcHQlM0UlMEElM0NzY3JpcHQlM0UlMEElMjBmdW5jdGlvbiUyMHRpbWVzdGFtcCUyOCUyOSUyMCU3QiUyMHZhciUyMHJlc3BvbnNlJTIwJTNEJTIwZG9jdW1lbnQuZ2V0RWxlbWVudEJ5SWQlMjglMjJnLXJlY2FwdGNoYS1yZXNwb25zZSUyMiUyOSUzQiUyMGlmJTIwJTI4cmVzcG9uc2UlMjAlM0QlM0QlMjBudWxsJTIwJTdDJTdDJTIwcmVzcG9uc2UudmFsdWUudHJpbSUyOCUyOSUyMCUzRCUzRCUyMCUyMiUyMiUyOSUyMCU3QnZhciUyMGVsZW1zJTIwJTNEJTIwSlNPTi5wYXJzZSUyOGRvY3VtZW50LmdldEVsZW1lbnRzQnlOYW1lJTI4JTIyY2FwdGNoYV9zZXR0aW5ncyUyMiUyOSU1QjAlNUQudmFsdWUlMjklM0JlbGVtcyU1QiUyMnRzJTIyJTVEJTIwJTNEJTIwSlNPTi5zdHJpbmdpZnklMjhuZXclMjBEYXRlJTI4JTI5LmdldFRpbWUlMjglMjklMjklM0Jkb2N1bWVudC5nZXRFbGVtZW50c0J5TmFtZSUyOCUyMmNhcHRjaGFfc2V0dGluZ3MlMjIlMjklNUIwJTVELnZhbHVlJTIwJTNEJTIwSlNPTi5zdHJpbmdpZnklMjhlbGVtcyUyOSUzQiUyMCU3RCUyMCU3RCUyMHNldEludGVydmFsJTI4dGltZXN0YW1wJTJDJTIwNTAwJTI5JTNCJTIwJTBBJTNDJTJGc2NyaXB0JTNFJTBBJTNDJTIxLS0lMjAtLS0tLS0tLS0tLS0tLS0tLS0tLS0tLS0tLS0tLS0tLS0tLS0tLS0tLS0tLS0tLS0tLS0tLS0tLS0tLS0tLS0tLS0tLS0tJTIwLS0lM0UlMEElM0MlMjEtLSUyME5PVEUlM0ElMjBQbGVhc2UlMjBhZGQlMjB0aGUlMjBmb2xsb3dpbmclMjAlM0NGT1JNJTNFJTIwZWxlbWVudCUyMHRvJTIweW91ciUyMHBhZ2UuJTIwJTIwJTIwJTIwJTIwJTIwJTIwJTIwJTIwJTIwJTIwJTIwJTIwLS0lM0UlMEElM0MlMjEtLSUyMC0tLS0tLS0tLS0tLS0tLS0tLS0tLS0tLS0tLS0tLS0tLS0tLS0tLS0tLS0tLS0tLS0tLS0tLS0tLS0tLS0tLS0tLS0tLS0lMjAtLSUzRSUwQSUwQSUzQ2Zvcm0lMjBhY3Rpb24lM0QlMjJodHRwcyUzQSUyRiUyRndlYnRvLnNhbGVzZm9yY2UuY29tJTJGc2VydmxldCUyRnNlcnZsZXQuV2ViVG9MZWFkJTNGZW5jb2RpbmclM0RVVEYtOCUyMiUyMG1ldGhvZCUzRCUyMlBPU1QlMjIlM0UlMEElMEElM0NpbnB1dCUyMHR5cGUlM0QlMjJoaWRkZW4lMjIlMjBuYW1lJTNEJTIyY2FwdGNoYV9zZXR0aW5ncyUyMiUyMHZhbHVlJTNEJTIyJTdCJTIya2V5bmFtZSUyMiUzQSUyMmZpcmUyJTIyJTJDJTIyZmFsbGJhY2slMjIlM0ElMjJ0cnVlJTIyJTJDJTIyb3JnSWQlMjIlM0ElMjIwMEQyRTAwMDAwMHBUTVMlMjIlMkMlMjJ0cyUyMiUzQSUyMiUyMiU3RCUyMiUzRSUwQSUzQ2lucHV0JTIwdHlwZSUzRCUyMmhpZGRlbiUyMiUyMG5hbWUlM0QlMjJvaWQlMjIlMjB2YWx1ZSUzRCUyMjAwRDJFMDAwMDAwcFRNUyUyMiUzRSUwQSUzQ2lucHV0JTIwdHlwZSUzRCUyMmhpZGRlbiUyMiUyMG5hbWUlM0QlMjJyZXRVUkwlMjIlMjB2YWx1ZSUzRCUyMmh0dHBzJTNBJTJGJTJGd3d3LmZpcmVzdGFydGVyLXN0dWRpb3MuY29tJTJGdGhhbmsteW91JTJGJTIyJTNFJTBBJTBBJTNDJTIxLS0lMjAtLS0tLS0tLS0tLS0tLS0tLS0tLS0tLS0tLS0tLS0tLS0tLS0tLS0tLS0tLS0tLS0tLS0tLS0tLS0tLS0tLS0tLS0tLS0tJTIwLS0lM0UlMEElM0MlMjEtLSUyME5PVEUlM0ElMjBUaGVzZSUyMGZpZWxkcyUyMGFyZSUyMG9wdGlvbmFsJTIwZGVidWdnaW5nJTIwZWxlbWVudHMuJTIwUGxlYXNlJTIwdW5jb21tZW50JTIwLS0lM0UlMEElM0MlMjEtLSUyMHRoZXNlJTIwbGluZXMlMjBpZiUyMHlvdSUyMHdpc2glMjB0byUyMHRlc3QlMjBpbiUyMGRlYnVnJTIwbW9kZS4lMjAtLSUzRSUwQSUzQyUyMS0tJTIwJTNDaW5wdXQlMjB0eXBlJTNEJTIyaGlkZGVuJTIyJTIwbmFtZSUzRCUyMmRlYnVnJTIyJTIwdmFsdWUlM0QxJTNFJTIwJTIwJTIwJTIwJTIwJTIwJTIwJTIwJTIwJTIwJTIwJTIwJTIwJTIwJTIwJTIwJTIwJTIwJTIwJTIwJTIwJTIwJTIwJTIwJTIwJTIwJTIwJTIwJTIwJTIwLS0lM0UlMEElM0MlMjEtLSUyMCUzQ2lucHV0JTIwdHlwZSUzRCUyMmhpZGRlbiUyMiUyMG5hbWUlM0QlMjJkZWJ1Z0VtYWlsJTIyJTIwLS0lM0UlMEElM0MlMjEtLSUyMHZhbHVlJTNEJTIycmslNDBmaXJlc3RhcnRlcnN0dWRpb3MuY29tJTIyJTNFJTIwJTIwJTIwJTIwJTIwJTIwJTIwJTIwJTIwJTIwJTIwJTIwJTIwJTIwJTIwJTIwJTIwJTIwJTIwJTIwJTIwJTIwJTIwJTIwJTIwJTIwJTIwJTIwJTIwJTIwJTIwJTIwJTIwJTIwJTIwJTIwJTIwJTIwLS0lM0UlMEElM0MlMjEtLSUyMC0tLS0tLS0tLS0tLS0tLS0tLS0tLS0tLS0tLS0tLS0tLS0tLS0tLS0tLS0tLS0tLS0tLS0tLS0tLS0tLS0tLS0tLS0tLS0lMjAtLSUzRSUzQ3RhYmxlJTIwY2xhc3MlM0QlMjJmb3JtLWNvbnRhaW50ZXItY29udGFjdCUyMiUzRSUwQSUzQ3RyJTIwY2xhc3MlM0QlMjJoYWxmJTIyJTNFJTNDdGQlM0UlM0NpbnB1dCUyMGlkJTNEJTIyZmlyc3RfbmFtZSUyMiUyMG1heGxlbmd0aCUzRCUyMjQwJTIyJTIwbmFtZSUzRCUyMmZpcnN0X25hbWUlMjIlMjBzaXplJTNEJTIyMjAlMjIlMjB0eXBlJTNEJTIydGV4dCUyMiUyMHBsYWNlaG9sZGVyJTNEJTIyVm9ybmFtZSUyQSUyMiUyMHJlcXVpcmVkJTNEJTIyJTIyJTNFJTNDJTJGdGQlM0UlM0MlMkZ0ciUzRSUwQSUwQSUzQ3RyJTIwY2xhc3MlM0QlMjJoYWxmJTIyJTNFJTNDdGQlM0UlM0NpbnB1dCUyMGlkJTNEJTIybGFzdF9uYW1lJTIyJTIwbWF4bGVuZ3RoJTNEJTIyODAlMjIlMjBuYW1lJTNEJTIybGFzdF9uYW1lJTIyJTIwc2l6ZSUzRCUyMjIwJTIyJTIwdHlwZSUzRCUyMnRleHQlMjIlMjBwbGFjZWhvbGRlciUzRCUyMk5hY2huYW1lJTJBJTIyJTIwcmVxdWlyZWQlM0QlMjIlMjIlM0UlM0MlMkZ0ZCUzRSUzQyUyRnRyJTNFJTBBJTBBJTNDdHIlMjBjbGFzcyUzRCUyMmhhbGYlMjIlM0UlM0N0ZCUzRSUzQ2lucHV0JTIwaWQlM0QlMjJlbWFpbCUyMiUyMG1heGxlbmd0aCUzRCUyMjgwJTIyJTIwbmFtZSUzRCUyMmVtYWlsJTIyJTIwc2l6ZSUzRCUyMjIwJTIyJTIwdHlwZSUzRCUyMnRleHQlMjIlMjBwbGFjZWhvbGRlciUzRCUyMkVtYWlsJTJBJTIyJTIwcmVxdWlyZWQlM0QlMjIlMjIlM0UlM0MlMkZ0ZCUzRSUzQyUyRnRyJTNFJTBBJTBBJTNDdHIlMjBjbGFzcyUzRCUyMmhhbGYlMjIlM0UlM0N0ZCUzRSUzQ2lucHV0JTIwaWQlM0QlMjJwaG9uZSUyMiUyMG1heGxlbmd0aCUzRCUyMjQwJTIyJTIwbmFtZSUzRCUyMnBob25lJTIyJTIwc2l6ZSUzRCUyMjIwJTIyJTIwdHlwZSUzRCUyMnRleHQlMjIlMjBwbGFjZWhvbGRlciUzRCUyMlRlbGVmb24lMkElMjIlMjByZXF1aXJlZCUzRCUyMiUyMiUzRSUzQyUyRnRkJTNFJTNDJTJGdHIlM0UlMEElMEElM0N0ciUyMGNsYXNzJTNEJTIyZnVsbCUyMiUzRSUzQ3RkJTIwY2xhc3MlM0QlMjJ1bmlxLWluZHVzdHJ5dGFiJTIyJTNFJTNDbGFiZWwlMjBmb3IlM0QlMjJpbmR1c3RyeSUyMiUzRUJyYW5jaGUlMkZTZWt0b3IlM0MlMkZsYWJlbCUzRSUzQ3NlbGVjdCUyMGlkJTNEJTIyaW5kdXN0cnklMjIlMjBuYW1lJTNEJTIyaW5kdXN0cnklMjIlM0UlM0NvcHRpb24lMjB2YWx1ZSUzRCUyMiUyMiUzRUtlaW5lJTI4ciUyOSUzQyUyRm9wdGlvbiUzRSUyMCUzQ29wdGlvbiUyMHZhbHVlJTNEJTIyTGFuZHdpcnRzY2hhZnQlMjIlM0VMYW5kd2lydHNjaGFmdCUzQyUyRm9wdGlvbiUzRSUwQSUzQ29wdGlvbiUyMHZhbHVlJTNEJTIyQmVrbGVpZHVuZyUyMiUzRUJla2xlaWR1bmclM0MlMkZvcHRpb24lM0UlMEElM0NvcHRpb24lMjB2YWx1ZSUzRCUyMkJhbmt3ZXNlbiUyMCUyMiUzRUJhbmt3ZXNlbiUyMCUzQyUyRm9wdGlvbiUzRSUwQSUzQ29wdGlvbiUyMHZhbHVlJTNEJTIyQmlvdGVjaG5vbG9naWUlMjIlM0VCaW90ZWNobm9sb2dpZSUzQyUyRm9wdGlvbiUzRSUwQSUzQ29wdGlvbiUyMHZhbHVlJTNEJTIyQ2hlbWlrYWxpZW4lMjIlM0VDaGVtaWthbGllbiUzQyUyRm9wdGlvbiUzRSUwQSUzQ29wdGlvbiUyMHZhbHVlJTNEJTIyS29tbXVuaWthdGlvbiUyMiUzRUtvbW11bmlrYXRpb24lM0MlMkZvcHRpb24lM0UlMEElM0NvcHRpb24lMjB2YWx1ZSUzRCUyMkJhdXdlc2VuJTIyJTNFQmF1d2VzZW4lM0MlMkZvcHRpb24lM0UlMEElM0NvcHRpb24lMjB2YWx1ZSUzRCUyMkJlcmF0dW5nJTIyJTNFQ29uc3VsdGluZyUyRkJlcmF0dW5nJTIwJTNDJTJGb3B0aW9uJTNFJTBBJTNDb3B0aW9uJTIwdmFsdWUlM0QlMjJCaWxkdW5nJTIyJTNFU2NodWxlJTJGQmlsZHVuZyUzQyUyRm9wdGlvbiUzRSUwQSUzQ29wdGlvbiUyMHZhbHVlJTNEJTIyRWxla3Ryb25payUyMiUzRUVsZWt0cm9uaWslM0MlMkZvcHRpb24lM0UlMEElM0NvcHRpb24lMjB2YWx1ZSUzRCUyMkVuZXJnaWUlMjIlM0VFbmVyZ2llJTNDJTJGb3B0aW9uJTNFJTBBJTNDb3B0aW9uJTIwdmFsdWUlM0QlMjJJbmdlbmlldXJ3ZXNlbiUyMiUzRUluZ2VuaWV1cndlc2VuJTJGVGVjaG5payUzQyUyRm9wdGlvbiUzRSUwQSUzQ29wdGlvbiUyMHZhbHVlJTNEJTIyVW50ZXJoYWx0dW5nJTIyJTNFVW50ZXJoYWx0dW5nJTNDJTJGb3B0aW9uJTNFJTBBJTNDb3B0aW9uJTIwdmFsdWUlM0QlMjJVbXdlbHQlMjIlM0VVbXdlbHQlM0MlMkZvcHRpb24lM0UlMEElM0NvcHRpb24lMjB2YWx1ZSUzRCUyMkZpbmFuendlc2VuJTIyJTNFRmluYW56d2VzZW4lM0MlMkZvcHRpb24lM0UlMEElM0NvcHRpb24lMjB2YWx1ZSUzRCUyMlNwZWlzZW4lMjAlMjAlMjZhbXAlM0IlMjBHZXRyJUMzJUE0bmtlJTIyJTNFU3BlaXNlbiUyMCUyMCUyNmFtcCUzQiUyMEdldHIlQzMlQTRua2UlM0MlMkZvcHRpb24lM0UlMEElM0NvcHRpb24lMjB2YWx1ZSUzRCUyMlJlZ2llcnVuZyUyMiUzRVJlZ2llcnVuZyUyRlN0YWF0JTNDJTJGb3B0aW9uJTNFJTBBJTNDb3B0aW9uJTIwdmFsdWUlM0QlMjJHZXN1bmRoZWl0c3dlc2VuJTIyJTNFR2VzdW5kaGVpdHN3ZXNlbiUzQyUyRm9wdGlvbiUzRSUwQSUzQ29wdGlvbiUyMHZhbHVlJTNEJTIySG90ZWxsZXJpZSUyMiUzRUhvdGVsbGVyaWUlM0MlMkZvcHRpb24lM0UlMEElM0NvcHRpb24lMjB2YWx1ZSUzRCUyMlZlcnNpY2hlcnVuZyUyMiUzRVZlcnNpY2hlcnVuZyUzQyUyRm9wdGlvbiUzRSUwQSUzQ29wdGlvbiUyMHZhbHVlJTNEJTIyTWFzY2hpbmVuJTIyJTNFTWFzY2hpbmVuJTNDJTJGb3B0aW9uJTNFJTBBJTNDb3B0aW9uJTIwdmFsdWUlM0QlMjJGZXJ0aWd1bmclMjIlM0VGZXJ0aWd1bmclM0MlMkZvcHRpb24lM0UlMEElM0NvcHRpb24lMjB2YWx1ZSUzRCUyMk1lZGllbiUyMiUzRU1lZGllbiUzQyUyRm9wdGlvbiUzRSUwQSUzQ29wdGlvbiUyMHZhbHVlJTNEJTIyTm9ucHJvZml0JTIyJTNFTm9ucHJvZml0JTNDJTJGb3B0aW9uJTNFJTBBJTNDb3B0aW9uJTIwdmFsdWUlM0QlMjJTb25zdGlnZSUyMiUzRVNvbnN0aWdlJTNDJTJGb3B0aW9uJTNFJTBBJTNDb3B0aW9uJTIwdmFsdWUlM0QlMjJGcmVpemVpdGdlc3RhbHR1bmclMjIlM0VGcmVpemVpdGdlc3RhbHR1bmclM0MlMkZvcHRpb24lM0UlMEElM0NvcHRpb24lMjB2YWx1ZSUzRCUyMkVpbnplbGhhbmRlbCUyMiUzRUVpbnplbGhhbmRlbCUzQyUyRm9wdGlvbiUzRSUwQSUzQ29wdGlvbiUyMHZhbHVlJTNEJTIyVmVyc2FuZHdlc2VuJTIyJTNFVmVyc2FuZHdlc2VuJTNDJTJGb3B0aW9uJTNFJTBBJTNDb3B0aW9uJTIwdmFsdWUlM0QlMjJUZWNobm9sb2dpZSUyMiUzRVRlY2hub2xvZ2llJTNDJTJGb3B0aW9uJTNFJTBBJTNDb3B0aW9uJTIwdmFsdWUlM0QlMjJUZWxla29tbXVuaWthdGlvbiUyMiUzRVRlbGVrb21tdW5pa2F0aW9uJTNDJTJGb3B0aW9uJTNFJTBBJTNDb3B0aW9uJTIwdmFsdWUlM0QlMjJUcmFuc3BvcnR3ZXNlbiUyMCUyMiUzRVRyYW5zcG9ydHdlc2VuJTIwJTNDJTJGb3B0aW9uJTNFJTBBJTNDb3B0aW9uJTIwdmFsdWUlM0QlMjJWZXJzb3JnZXIlMjIlM0VWZXJzb3JnZXIlM0MlMkZvcHRpb24lM0UlMEElM0MlMkZzZWxlY3QlM0UlM0MlMkZ0ZCUzRSUzQyUyRnRyJTNFJTBBJTNDdHIlMjBjbGFzcyUzRCUyMm1lc3NhZ2UtY29udGFpbmVyJTIyJTNFJTNDdGQlMjBjbGFzcyUzRCUyMm1lc3NhZ2UlMjIlM0UlM0N0ZXh0YXJlYSUyMG5hbWUlM0QlMjJkZXNjcmlwdGlvbiUyMiUyMHBsYWNlaG9sZGVyJTNEJTIyTmFjaHJpY2h0JTJBJTIyJTIwcmVxdWlyZWQlM0QlMjIlMjIlM0UlM0MlMkZ0ZXh0YXJlYSUzRSUzQyUyRnRkJTNFJTNDJTJGdHIlM0UlMEElM0N0ciUyMGNsYXNzJTNEJTIyaGFsZiUyMiUzRSUzQ3RkJTNFJTNDZGl2JTIwY2xhc3MlM0QlMjJnLXJlY2FwdGNoYSUyMiUyMGRhdGEtc2l0ZWtleSUzRCUyMjZMZjY4N0FVQUFBQUFEMUNURkNXUWR2VzFmakRuV2lVb2NVM3paOVMlMjIlM0UlM0MlMkZkaXYlM0UlM0MlMkZ0ZCUzRSUzQyUyRnRyJTNFJTBBJTBBJTNDdHIlMjBjbGFzcyUzRCUyMnN1Ym1pdC1jb250YWN0JTIyJTNFJTNDdGQlMjBjbGFzcyUzRCUyMnN1Ym1pdC1idXR0b24tY29udGFjdCUyMiUyMHN0eWxlJTNEJTIydGV4dC1hbGlnbiUzQWNlbnRlciUzQiUyMiUzRSUzQ2JyJTNFJTNDaW5wdXQlMjB0eXBlJTNEJTIyc3VibWl0JTIyJTIwbmFtZSUzRCUyMnN1Ym1pdCUyMiUzRSUzQyUyRnRkJTNFJTNDJTJGdHIlM0UlMEElMjAlM0MlMkZ0YWJsZSUzRSUwQSUwQSUzQyUyRmZvcm0lM0U=[\/vc_raw_html][\/vc_column][\/vc_row]<\/p>\n","protected":false},"excerpt":{"rendered":"<p>[vc_row full_width=&#8221;stretch_row_content&#8221; css=&#8221;.vc_custom_1505227480943{margin-bottom: 0px !important;padding-top: 70px !important;background-image: url(https:\/\/firestarter-studios.com\/wp-content\/uploads\/2016\/03\/contact-form-bg_updated_newer.jpg?id=30185) !important;background-position: center !important;background-repeat: no-repeat !important;background-size: cover !important;}&#8221;][vc_column el_class=&#8221;.wpb_widgetised_column .line-2&#8243; css=&#8221;.vc_custom_1458295477548{padding-left: 60px !important;}&#8221;][vc_column_text css_animation=&#8221;fadeInLeft&#8221;] Los Angeles [\/vc_column_text][vc_row_inner css=&#8221;.vc_custom_1503926225282{margin-top: 0px !important;margin-right: 0px !important;margin-bottom: 0px !important;margin-left: -20px !important;padding-top: 0px !important;padding-right: 0px !important;padding-bottom: 0px !important;padding-left: 0px !important;}&#8221;][vc_column_inner width=&#8221;1\/3&#8243; css=&#8221;.vc_custom_1503926406055{padding-top: 20px !important;padding-right: 20px !important;padding-bottom: 20px !important;padding-left: 20px !important;background-color: rgba(17,17,17,0.65) !important;*background-color: rgb(17,17,17) !important;}&#8221;][vc_column_text css_animation=&#8221;fadeInLeft&#8221;] Telefon: Email: hello@firestarter-studios.com Um&#8230;<\/p>\n","protected":false},"author":5,"featured_media":0,"parent":0,"menu_order":0,"comment_status":"closed","ping_status":"closed","template":"","meta":{"footnotes":""},"class_list":["post-33129","page","type-page","status-publish"],"acf":[],"yoast_head":"<!-- This site is optimized with the Yoast SEO plugin v18.5 - https:\/\/yoast.com\/wordpress\/plugins\/seo\/ -->\n<title>Kontaktieren Sie Fire Starter Studios f\u00fcr die Videoproduktion<\/title>\n<meta name=\"description\" content=\"Kontaktieren Sie Fire Starter Studios, um mehr \u00fcber unsere 2-fach Emmy-nominierten kreativen L\u00f6sungen f\u00fcr Unterhaltung und Markengeschichten zu erfahren. 747-201-7400\" \/>\n<meta name=\"robots\" content=\"index, follow, max-snippet:-1, max-image-preview:large, max-video-preview:-1\" \/>\n<link rel=\"canonical\" href=\"https:\/\/firestarter-studios.com\/de\/kontaktinfo-2\/\" \/>\n<meta property=\"og:locale\" content=\"de_DE\" \/>\n<meta property=\"og:type\" content=\"article\" \/>\n<meta property=\"og:title\" content=\"Kontaktieren Sie Fire Starter Studios f\u00fcr die Videoproduktion\" \/>\n<meta property=\"og:description\" content=\"Kontaktieren Sie Fire Starter Studios, um mehr \u00fcber unsere 2-fach Emmy-nominierten kreativen L\u00f6sungen f\u00fcr Unterhaltung und Markengeschichten zu erfahren. 747-201-7400\" \/>\n<meta property=\"og:url\" content=\"https:\/\/firestarter-studios.com\/de\/kontaktinfo-2\/\" \/>\n<meta property=\"og:site_name\" content=\"Fire Starter Studios\" \/>\n<meta property=\"article:modified_time\" content=\"2022-09-30T12:52:47+00:00\" \/>\n<meta property=\"og:image\" content=\"https:\/\/firestarter-studios.com\/wp-content\/uploads\/2020\/03\/phone.png\" \/>\n<meta name=\"twitter:card\" content=\"summary\" \/>\n<meta name=\"twitter:label1\" content=\"Gesch\u00e4tzte Lesezeit\" \/>\n\t<meta name=\"twitter:data1\" content=\"6\u00a0Minuten\" \/>\n<!-- \/ Yoast SEO plugin. -->","yoast_head_json":{"title":"Kontaktieren Sie Fire Starter Studios f\u00fcr die Videoproduktion","description":"Kontaktieren Sie Fire Starter Studios, um mehr \u00fcber unsere 2-fach Emmy-nominierten kreativen L\u00f6sungen f\u00fcr Unterhaltung und Markengeschichten zu erfahren. 747-201-7400","robots":{"index":"index","follow":"follow","max-snippet":"max-snippet:-1","max-image-preview":"max-image-preview:large","max-video-preview":"max-video-preview:-1"},"canonical":"https:\/\/firestarter-studios.com\/de\/kontaktinfo-2\/","og_locale":"de_DE","og_type":"article","og_title":"Kontaktieren Sie Fire Starter Studios f\u00fcr die Videoproduktion","og_description":"Kontaktieren Sie Fire Starter Studios, um mehr \u00fcber unsere 2-fach Emmy-nominierten kreativen L\u00f6sungen f\u00fcr Unterhaltung und Markengeschichten zu erfahren. 747-201-7400","og_url":"https:\/\/firestarter-studios.com\/de\/kontaktinfo-2\/","og_site_name":"Fire Starter Studios","article_modified_time":"2022-09-30T12:52:47+00:00","og_image":[{"url":"https:\/\/firestarter-studios.com\/wp-content\/uploads\/2020\/03\/phone.png"}],"twitter_card":"summary","twitter_misc":{"Gesch\u00e4tzte Lesezeit":"6\u00a0Minuten"},"schema":{"@context":"https:\/\/schema.org","@graph":[{"@type":"Organization","@id":"https:\/\/firestarter-studios.com\/#organization","name":"Fire Starter Studios","url":"https:\/\/firestarter-studios.com\/","sameAs":[],"logo":{"@type":"ImageObject","@id":"https:\/\/firestarter-studios.com\/#logo","inLanguage":"de","url":"https:\/\/firestarter-studios.com\/wp-content\/uploads\/2021\/12\/fire-starter-studios-logo.png","contentUrl":"https:\/\/firestarter-studios.com\/wp-content\/uploads\/2021\/12\/fire-starter-studios-logo.png","width":264,"height":62,"caption":"Fire Starter Studios"},"image":{"@id":"https:\/\/firestarter-studios.com\/#logo"}},{"@type":"WebSite","@id":"https:\/\/firestarter-studios.com\/#website","url":"https:\/\/firestarter-studios.com\/","name":"Fire Starter Studios","description":"Creative Storytelling for Entertainment, Brands, and Businesses","publisher":{"@id":"https:\/\/firestarter-studios.com\/#organization"},"potentialAction":[{"@type":"SearchAction","target":{"@type":"EntryPoint","urlTemplate":"https:\/\/firestarter-studios.com\/?s={search_term_string}"},"query-input":"required name=search_term_string"}],"inLanguage":"de"},{"@type":"ImageObject","@id":"https:\/\/firestarter-studios.com\/de\/kontaktinfo-2\/#primaryimage","inLanguage":"de","url":"https:\/\/firestarter-studios.com\/wp-content\/uploads\/2020\/03\/phone.png","contentUrl":"https:\/\/firestarter-studios.com\/wp-content\/uploads\/2020\/03\/phone.png","width":138,"height":14},{"@type":"WebPage","@id":"https:\/\/firestarter-studios.com\/de\/kontaktinfo-2\/#webpage","url":"https:\/\/firestarter-studios.com\/de\/kontaktinfo-2\/","name":"Kontaktieren Sie Fire Starter Studios f\u00fcr die Videoproduktion","isPartOf":{"@id":"https:\/\/firestarter-studios.com\/#website"},"primaryImageOfPage":{"@id":"https:\/\/firestarter-studios.com\/de\/kontaktinfo-2\/#primaryimage"},"datePublished":"2022-01-04T11:47:29+00:00","dateModified":"2022-09-30T12:52:47+00:00","description":"Kontaktieren Sie Fire Starter Studios, um mehr \u00fcber unsere 2-fach Emmy-nominierten kreativen L\u00f6sungen f\u00fcr Unterhaltung und Markengeschichten zu erfahren. 747-201-7400","breadcrumb":{"@id":"https:\/\/firestarter-studios.com\/de\/kontaktinfo-2\/#breadcrumb"},"inLanguage":"de","potentialAction":[{"@type":"ReadAction","target":["https:\/\/firestarter-studios.com\/de\/kontaktinfo-2\/"]}]},{"@type":"BreadcrumbList","@id":"https:\/\/firestarter-studios.com\/de\/kontaktinfo-2\/#breadcrumb","itemListElement":[{"@type":"ListItem","position":1,"name":"Home","item":"https:\/\/firestarter-studios.com\/de\/"},{"@type":"ListItem","position":2,"name":"KONTAKTINFO"}]}]}},"_links":{"self":[{"href":"https:\/\/firestarter-studios.com\/de\/wp-json\/wp\/v2\/pages\/33129","targetHints":{"allow":["GET"]}}],"collection":[{"href":"https:\/\/firestarter-studios.com\/de\/wp-json\/wp\/v2\/pages"}],"about":[{"href":"https:\/\/firestarter-studios.com\/de\/wp-json\/wp\/v2\/types\/page"}],"author":[{"embeddable":true,"href":"https:\/\/firestarter-studios.com\/de\/wp-json\/wp\/v2\/users\/5"}],"replies":[{"embeddable":true,"href":"https:\/\/firestarter-studios.com\/de\/wp-json\/wp\/v2\/comments?post=33129"}],"version-history":[{"count":2,"href":"https:\/\/firestarter-studios.com\/de\/wp-json\/wp\/v2\/pages\/33129\/revisions"}],"predecessor-version":[{"id":33683,"href":"https:\/\/firestarter-studios.com\/de\/wp-json\/wp\/v2\/pages\/33129\/revisions\/33683"}],"wp:attachment":[{"href":"https:\/\/firestarter-studios.com\/de\/wp-json\/wp\/v2\/media?parent=33129"}],"curies":[{"name":"wp","href":"https:\/\/api.w.org\/{rel}","templated":true}]}}