{"id":33159,"date":"2022-01-06T13:14:16","date_gmt":"2022-01-06T13:14:16","guid":{"rendered":"https:\/\/firestarter-studios.com\/fallstudie-nea\/"},"modified":"2022-09-29T12:16:39","modified_gmt":"2022-09-29T12:16:39","slug":"fallstudie-nea","status":"publish","type":"page","link":"https:\/\/firestarter-studios.com\/de\/fallstudie-nea\/","title":{"rendered":"Fallstudie &#8211; NEA"},"content":{"rendered":"<p>[vc_row full_width=&#8221;stretch_row&#8221; full_height=&#8221;yes&#8221; content_placement=&#8221;middle&#8221; parallax=&#8221;content-moving&#8221; css=&#8221;.vc_custom_1503921425908{margin-top: 0px !important;margin-bottom: 0px !important;padding-top: 0px !important;padding-bottom: 0px !important;background-position: center;background-repeat: no-repeat;background-size: cover !important;}&#8221;][vc_column css=&#8221;.vc_custom_1503921413833{margin-top: 0px !important;margin-bottom: 0px !important;padding-top: 0px !important;padding-bottom: 0px !important;}&#8221;]<div id=\"fullwidth-block-69d3a69b684eb\" class=\"fullwidth-block fullwidth-block-parallax-fixed clearfix\" data-mobile-parallax-enable=\"0\" style=\"padding-top: 130px;padding-bottom: 70px;padding-left: 30px;padding-right: 30px;height: 100vh\"><script type=\"text\/javascript\">if (typeof(gem_fix_fullwidth_position) == \"function\") { gem_fix_fullwidth_position(document.getElementById(\"fullwidth-block-69d3a69b684eb\")); }<\/script><div class=\"fullwidth-block-background\" style=\"background-image: url(https:\/\/firestarter-studios.com\/wp-content\/uploads\/2016\/03\/NEA_screen.jpg);background-position: center center;\"><\/div><div class=\"fullwidth-block-parallax-overlay\" style=\"background-color: rgba(0,0,0,0.3);\"><\/div><div class=\"fullwidth-block-inner\"><div class=\"container\"><div class=\"clearboth\"><\/div><div class=\"gem-divider \" style=\"margin-top: 80px;\"><\/div>[vc_column_text]<\/p>\n<h1 style=\"text-align: center;\"><span style=\"color: #ffffff;\">Fallstudie-NEA<\/span><\/h1>\n<p>[\/vc_column_text][vc_column_text]<\/p>\n<div class=\"title-xlarge\" style=\"text-align: center;\"><span class=\"white\">National Endowment for the Arts: United States of Arts<\/span><\/div>\n<p>[\/vc_column_text]<div class=\"clearboth\"><\/div><div class=\"gem-divider \" style=\"margin-top: 50px;\"><\/div>[vc_column_text]<\/p>\n<div class=\"styled-subtitle\" style=\"text-align: center; margin: 0 auto; max-width: 950px;\"><span class=\"white\">Diese von der Kritik gefeierte 67-teilige Dokumentarfilmserie pr\u00e4sentiert die Vielfalt und Dynamik der sch\u00f6nen K\u00fcnste in den Vereinigten Staaten und r\u00fcckt die entscheidende Rolle ins Rampenlicht, welche dem NEA seit seiner Gr\u00fcndung vor mehr als 50 Jahren in jeder Ecke des Landes zuf\u00e4llt.<\/span><\/div>\n<p>[\/vc_column_text]<div class=\"clearboth\"><\/div><div class=\"gem-divider \" style=\"margin-top: 45px;\"><\/div>[vc_column_text el_class=&#8221;custom_block&#8221;]<a class=\"mouse-scroll scroll-to-anchor\" href=\"#details\">Maus<\/a>[\/vc_column_text]<div class=\"clearboth\"><\/div><div class=\"gem-divider \" style=\"margin-top: 30px;\"><\/div><\/div><\/div><\/div>[\/vc_column][\/vc_row][vc_row css=&#8221;.vc_custom_1502912860141{margin-top: 0px !important;margin-bottom: 0px !important;padding-top: 0px !important;padding-bottom: 0px !important;}&#8221;][vc_column css=&#8221;.vc_custom_1503921254954{margin-top: 0px !important;margin-bottom: 0px !important;padding-top: 0px !important;padding-bottom: 0px !important;}&#8221; offset=&#8221;vc_hidden-xs&#8221;][\/vc_column][\/vc_row][vc_row css=&#8221;.vc_custom_1502700219246{margin-top: 0px !important;margin-bottom: 0px !important;padding-top: 0px !important;padding-bottom: 0px !important;}&#8221;][vc_column css=&#8221;.vc_custom_1502700160271{margin-top: 0px !important;margin-bottom: 0px !important;padding-top: 0px !important;padding-bottom: 0px !important;}&#8221;]<div id=\"fullwidth-block-69d3a69b6b7a2\" class=\"fullwidth-block clearfix\"  style=\"padding-top: 100px;padding-bottom: 100px;\"><script type=\"text\/javascript\">if (typeof(gem_fix_fullwidth_position) == \"function\") { gem_fix_fullwidth_position(document.getElementById(\"fullwidth-block-69d3a69b6b7a2\")); }<\/script><div class=\"fullwidth-block-background\" style=\"background-image: url(https:\/\/firestarter-studios.com\/wp-content\/uploads\/2016\/03\/firestarter-home-intro-bg-dark-tweaked.jpg);background-repeat: no-repeat; background-size: cover;background-position: left center;\"><\/div><div class=\"fullwidth-block-inner\"><div class=\"container\">\r\n\t\r\n\t\t<div class=\"wpb_text_column wpb_content_element  wpb_animate_when_almost_visible wpb_&#8221;fadeInUp&#8221; &#8221;fadeInUp&#8221; thegem-vc-text thegem-custom-69d3a69b6bd523534\"  >\r\n\t\t\t<div class=\"wpb_wrapper\">\r\n\t\t\t\t<div class=\"title-h2 white\" style=\"text-align: center;\">NATIONAL ENDOWMENT FOR THE ARTS:<br \/>\n<span class=\"light\">UNITED STATES OF ARTS<\/span><\/div>\n\r\n\t\t\t<\/div>\r\n\t\t<\/div>\r\n\t\r\n<div class=\"clearboth\"><\/div><div class=\"gem-divider \" style=\"margin-top: 31px;\"><\/div><div class=\"vc_row wpb_row vc_inner vc_row-fluid custom-inner-column-69d3a69b6e18e\"><div class=\"wpb_column vc_column_container vc_col-sm-2\"><div class=\"vc_column-inner thegem-custom-inner-69d3a69b70b42 \"><div class=\"wpb_wrapper\"><\/div><\/div><\/div><div class=\"wpb_column vc_column_container vc_col-sm-8\"><div class=\"vc_column-inner thegem-custom-inner-69d3a69b70e75 \"><div class=\"wpb_wrapper\">\r\n\t\r\n\t\t<div class=\"wpb_text_column wpb_content_element  wpb_animate_when_almost_visible wpb_&#8221;fadeInUp&#8221; &#8221;fadeInUp&#8221; &#8221;styled-subtitle thegem-vc-text thegem-custom-69d3a69b711d86451\"  >\r\n\t\t\t<div class=\"wpb_wrapper\">\r\n\t\t\t\t<p style=\"text-align: center;\">\u2022 2-malige Nominierung f\u00fcr Primetime-Emmy\u00ae-Awards als \u201eBeste Dokumentarfilm- oder Reality-Serie (Kurze Form)\u201c<\/p>\n\r\n\t\t\t<\/div>\r\n\t\t<\/div>\r\n\t\r\n\r\n\t\r\n\t\t<div class=\"wpb_text_column wpb_content_element  wpb_animate_when_almost_visible wpb_&#8221;fadeInUp&#8221; &#8221;fadeInUp&#8221; &#8221;styled-subtitle thegem-vc-text thegem-custom-69d3a69b714701444\"  >\r\n\t\t\t<div class=\"wpb_wrapper\">\r\n\t\t\t\t<p style=\"text-align: center;\">\u2022 Nominierung als \u201eBeste Digitalfilmserie\u201c durch die Producers Guild of America<\/p>\n\r\n\t\t\t<\/div>\r\n\t\t<\/div>\r\n\t\r\n<\/div><\/div><\/div><div class=\"wpb_column vc_column_container vc_col-sm-2\"><div class=\"vc_column-inner thegem-custom-inner-69d3a69b716a1 \"><div class=\"wpb_wrapper\"><\/div><\/div><\/div><\/div><div class=\"clearboth\"><\/div><div class=\"gem-divider \" style=\"margin-top: 31px;\"><\/div><div class=\"vc_row wpb_row vc_inner vc_row-fluid custom-inner-column-69d3a69b71935\"><div class=\"wpb_column vc_column_container vc_col-sm-2\"><div class=\"vc_column-inner thegem-custom-inner-69d3a69b71b95 \"><div class=\"wpb_wrapper\"><\/div><\/div><\/div><script type=\"text\/javascript\">(function() {\n\n    function TheGemAdvancedAnimation() {\n        this.animateClass = 'thegem-advanced-animation';\n        this.animatedClass = 'thegem-advanced-animation-animated';\n    }\n\n    TheGemAdvancedAnimation.prototype = {\n        initialize: function () {\n            let items =  document.querySelectorAll('.'+this.animateClass);\n\n            if ('IntersectionObserver' in window) {\n                let intersectionObserver = new IntersectionObserver((entries, observer)=>{\n                    entries.forEach((entry)=> {\n                        if (entry.isIntersecting) {\n                            this.startAnimation(entry.target);\n                            intersectionObserver.unobserve(entry.target);\n                        }\n                    });\n                });\n\n                items.forEach((item)=>{\n                    intersectionObserver.observe(item);\n                });\n            } else {\n                items.forEach((item)=>{\n                    this.startAnimation(item);\n                });\n            }\n        },\n\n        startAnimation: function (element) {\n            if (element.classList.contains(this.animateClass)) {\n                setTimeout(() => {\n                    element.classList.remove(this.animateClass);\n                    element.classList.add(this.animatedClass);\n                }, 300);\n            }\n        }\n    };\n\n    window.theGemAdvancedAnimation= new TheGemAdvancedAnimation();\n    document.addEventListener('DOMContentLoaded', function() {\n        window.theGemAdvancedAnimation.initialize();\n    });\n\n    if (window.parent.vc) {\n        window.parent.vc.events.on('shortcodeView:updated', function (event) {\n            let element = event.view.el.querySelector('.thegem-advanced-animation');\n            window.theGemAdvancedAnimation.startAnimation(element);\n        });\n\n        window.parent.vc.events.on('app.render', function () {\n            window.theGemAdvancedAnimation.initialize();\n        });\n    }\n})();<\/script><div class=\"wpb_column vc_column_container vc_col-sm-8\"><div class=\"vc_column-inner thegem-custom-inner-69d3a69b71e19 \"><div class=\"wpb_wrapper\"><div class=\"gem-vimeo gem-wrapbox gem-wrapbox-style-no-style rounded-corners gem-wrapbox-position-below\" style=\"width: 100%;\"><div class=\"gem-wrapbox-inner gem-ratio-style\" style=\"padding-top: 56.25%\"><iframe webkitallowfullscreen=\"true\" mozallowfullscreen=\"true\" allowfullscreen=\"true\" class=\"gem-wrapbox-element img-responsive\" frameborder=\"0\" scrolling=\"no\" marginheight=\"0\" marginwidth=\"0\" src=\"\/\/player.vimeo.com\/video\/172521469?title=0&amp;byline=0&amp;portrait=0 \"><\/iframe><\/div><\/div><div class=\"gem-button-container gem-button-position-fullwidth thegem-button-69d3a69b755366330\"  ><a class=\"gem-button gem-button-size-medium gem-button-style-outline gem-button-text-weight-normal gem-button-border-2\" data-ll-effect=\"drop-right-without-wrap\" style=\"border-radius: 0px;border-color: #ffffff;color: #ffffff;\" onmouseleave=\"this.style.borderColor='#ffffff';this.style.color='#ffffff';\" onmouseenter=\"\" href=\"https:\/\/vimeo.com\/album\/4720452\" target=\"_self\">Ganze Serie anzeigen<\/a><\/div> <\/div><\/div><\/div><div class=\"wpb_column vc_column_container vc_col-sm-2\"><div class=\"vc_column-inner thegem-custom-inner-69d3a69b75940 \"><div class=\"wpb_wrapper\"><\/div><\/div><\/div><\/div><\/div><\/div><\/div>[\/vc_column][\/vc_row][vc_row css=&#8221;.vc_custom_1502912860141{margin-top: 0px !important;margin-bottom: 0px !important;padding-top: 0px !important;padding-bottom: 0px !important;}&#8221;][vc_column css=&#8221;.vc_custom_1502912853028{margin-top: 0px !important;margin-bottom: 0px !important;padding-top: 0px !important;padding-bottom: 0px !important;}&#8221;][\/vc_column][\/vc_row][vc_row css=&#8221;.vc_custom_1502700219246{margin-top: 0px !important;margin-bottom: 0px !important;padding-top: 0px !important;padding-bottom: 0px !important;}&#8221;][vc_column css_animation=&#8221;none&#8221; css=&#8221;.vc_custom_1503921625602{margin-top: 0px !important;margin-bottom: 0px !important;padding-top: 0px !important;padding-bottom: 0px !important;}&#8221;]<div id=\"fullwidth-block-69d3a69b763a1\" class=\"fullwidth-block fullwidth-block-parallax-vertical clearfix\" data-mobile-parallax-enable=\"0\" style=\"padding-top: 160px;padding-bottom: 160px;\"><script type=\"text\/javascript\">if (typeof(gem_fix_fullwidth_position) == \"function\") { gem_fix_fullwidth_position(document.getElementById(\"fullwidth-block-69d3a69b763a1\")); }<\/script><div class=\"fullwidth-block-background\" style=\"background-image: url(https:\/\/firestarter-studios.com\/wp-content\/uploads\/2016\/03\/NEA_screen.jpg);background-repeat: no-repeat; background-size: cover;background-position: center center;\"><\/div><div class=\"fullwidth-block-parallax-overlay\" style=\"background-color: rgba(0,0,0,0.75);\"><\/div><div class=\"fullwidth-block-inner\"><div class=\"container\"><div class=\"vc_row wpb_row vc_inner vc_row-fluid custom-inner-column-69d3a69b76bb6\"><div class=\"wpb_column vc_column_container vc_col-sm-12\"><div class=\"vc_column-inner thegem-custom-inner-69d3a69b7743a \"><div class=\"wpb_wrapper\">\r\n\t\r\n\t\t<div class=\"wpb_text_column wpb_content_element  thegem-vc-text thegem-custom-69d3a69b778507330\"  >\r\n\t\t\t<div class=\"wpb_wrapper\">\r\n\t\t\t\t<div class=\"title-h3 white\">STIMMEN:<\/div>\n\r\n\t\t\t<\/div>\r\n\t\t<\/div>\r\n\t\r\n\r\n\t\r\n\t\t<div class=\"wpb_text_column wpb_content_element  thegem-vc-text thegem-custom-69d3a69b77b13788\"  >\r\n\t\t\t<div class=\"wpb_wrapper\">\r\n\t\t\t\t<div class=\"styled-subtitle\">Robert Redford, Gary Sinise, Larry Wilmore, Maya Lin, Edward Villella, Terry Kinney, Jeff Perry, Tracey Letts, Shanice Williams<\/div>\n\r\n\t\t\t<\/div>\r\n\t\t<\/div>\r\n\t\r\n<\/div><\/div><\/div><\/div><div class=\"vc_row wpb_row vc_inner vc_row-fluid custom-inner-column-69d3a69b77dce\"><div class=\"wpb_column vc_column_container vc_col-sm-12\"><div class=\"vc_column-inner thegem-custom-inner-69d3a69b78071 \"><div class=\"wpb_wrapper\">\r\n\t\r\n\t\t<div class=\"wpb_text_column wpb_content_element  thegem-vc-text thegem-custom-69d3a69b787df5691\"  >\r\n\t\t\t<div class=\"wpb_wrapper\">\r\n\t\t\t\t<div class=\"title-h3 white\">Beschreibung:<\/div>\n\r\n\t\t\t<\/div>\r\n\t\t<\/div>\r\n\t\r\n\r\n\t\r\n\t\t<div class=\"wpb_text_column wpb_content_element  thegem-vc-text thegem-custom-69d3a69b7c4418120\"  >\r\n\t\t\t<div class=\"wpb_wrapper\">\r\n\t\t\t\t<div class=\"styled-subtitle\">\n<p>Diese von der Kritik gefeierte 66-teilige Dokumentarfilmserie pr\u00e4sentiert die Vielfalt und Dynamik der sch\u00f6nen K\u00fcnste in den Vereinigten Staaten und r\u00fcckt die entscheidende Rolle ins Rampenlicht, welche dem NEA seit seiner Gr\u00fcndung vor mehr als 50 Jahren in jeder Ecke des Landes zuf\u00e4llt.<\/p>\n<p>Eine enorme Produktion, deren Dreharbeiten sich \u00fcber fast 2 Jahre und auf alle 55 US-Bundesstaaten und -Territorien an \u00fcber 400 Drehorten erstreckten, vom Metropolitan Museum of Art der Stadt New York bis zu den Str\u00e4nden von Guam. Mit Gary Sinise, Jeff Perry und Terry Kinney, den Gr\u00fcndern der Steppenwolf Theatre Company in Chicago, Robert Redford und dem Sundance Institute, dem American Film Institute, dem Walker Art Center in Minneapolis und dem Boston Ballet.<\/p>\n<p>United States of Arts erkundet, auf welch vielf\u00e4ltige Weise die Kunst das Leben gew\u00f6hnlicher Amerikaner und Amerikanerinnen beeinflusst, von East St. Louis, wo Schulkinder \u00fcber den Tanz Selbstdisziplin und Selbstachtung lernen, bis zu Mitgliedern der Los Angeles Street Symphony, die die Anwohner von Skid Row mit ihrem k\u00fcnstlerischen Schaffen inspirieren; von Maya Lin, K\u00fcnstlerin und Gestalterin des Vietnam Veterans Memorial, bis zu der bahnbrechenden Partnerschaft zwischen dem NEA und dem US-Verteidigungsministerium, das sich die Macht der Kunst zunutze machte, um in den Streitkr\u00e4ften dienende M\u00e4nner und Frauen nach ihrer R\u00fcckkehr aus Kriegszonen dabei zu helfen, die Folgen von Sch\u00e4del-Hirn-Traumata und posttraumatischen Belastungsst\u00f6rungen zu \u00fcberwinden, und bis zu einer Lehrerin in Amerika.<\/p>\n<\/div>\n\r\n\t\t\t<\/div>\r\n\t\t<\/div>\r\n\t\r\n<\/div><\/div><\/div><\/div><div class=\"vc_row wpb_row vc_inner vc_row-fluid custom-inner-column-69d3a69b7c808\"><div class=\"wpb_column vc_column_container vc_col-sm-12\"><div class=\"vc_column-inner thegem-custom-inner-69d3a69b7c9e2 \"><div class=\"wpb_wrapper\">\r\n\t\r\n\t\t<div class=\"wpb_text_column wpb_content_element  thegem-vc-text thegem-custom-69d3a69b7ccfa8215\"  >\r\n\t\t\t<div class=\"wpb_wrapper\">\r\n\t\t\t\t<div class=\"title-h3 white\">PROZESS:<\/div>\n\r\n\t\t\t<\/div>\r\n\t\t<\/div>\r\n\t\r\n\r\n\t\r\n\t\t<div class=\"wpb_text_column wpb_content_element  thegem-vc-text thegem-custom-69d3a69b7cede5687\"  >\r\n\t\t\t<div class=\"wpb_wrapper\">\r\n\t\t\t\t<div class=\"styled-subtitle\">\n<p>F\u00fcr dieses gigantische Unternehmen arbeiteten wir fast t\u00e4glich zusammen mit dem NEA an der Einholung von Drehbuchgenehmigungen, am Schnitt und an der Lieferung.<\/p>\n<\/div>\n\r\n\t\t\t<\/div>\r\n\t\t<\/div>\r\n\t\r\n<\/div><\/div><\/div><\/div><div class=\"vc_row wpb_row vc_inner vc_row-fluid custom-inner-column-69d3a69b7d124\"><div class=\"wpb_column vc_column_container vc_col-sm-12\"><div class=\"vc_column-inner thegem-custom-inner-69d3a69b7d314 \"><div class=\"wpb_wrapper\">\r\n\t\r\n\t\t<div class=\"wpb_text_column wpb_content_element  thegem-vc-text thegem-custom-69d3a69b7d5265403\"  >\r\n\t\t\t<div class=\"wpb_wrapper\">\r\n\t\t\t\t<div class=\"title-h3 white\">PLANUNG<\/div>\n\r\n\t\t\t<\/div>\r\n\t\t<\/div>\r\n\t\r\n\r\n\t\r\n\t\t<div class=\"wpb_text_column wpb_content_element  thegem-vc-text thegem-custom-69d3a69b7d7141115\"  >\r\n\t\t\t<div class=\"wpb_wrapper\">\r\n\t\t\t\t<div class=\"styled-subtitle\">\n<p>Diese Filmserie erforderte eine gewissenhafte Vorproduktion zur Sicherstellung, dass wir an allen diesen Orten und mit allen diesen Menschen drehen konnten \u2013 und zwar unter strenger Einhaltung der Budget- und Zeitvorgaben f\u00fcr die Lieferung. Die Reihenfolge der Bundesstaaten f\u00fcr unsere Dreharbeiten wurde zu einem riesigen Puzzle, das wir langsam zusammenf\u00fcgen mussten. Wir mussten uns nicht nur an die Wunschliste des NEA halten, sondern auch die Verf\u00fcgbarkeit von Off-Sprechern und Interviewpartnern, Festivalzeiten, die \u00d6ffnungszeiten von Museen, Premieren und Er\u00f6ffnungen sowie standortspezifische Bedenken ber\u00fccksichtigen.<\/p>\n<p>So erfuhren wir beispielsweite, dass w\u00f6chentlich nur ZWEI Fl\u00fcge von und nach Amerikanisch-Samoa stattfinden. Infolge des Zeitunterschieds und der vor Ort verf\u00fcgbaren Technik mussten wir unser Team mit dem Ziel einfliegen, das ganze Projekt mithilfe der \u00f6rtlichen Kulturstiftung ohne gro\u00dfe Vorbereitung zu entwickeln und zu drehen. Mobilfunk? Gibt es nicht! Internet? Erinnern Sie sich noch an Einwahlverbindungen? Wir entsandten die Pr\u00e4sidentin des Unternehmens h\u00f6chstpers\u00f6nlich, weil wir wussten, dass wir nur EINE Chance bekommen w\u00fcrden, um alles unter Dach und Fach zu bekommen. Das hie\u00df aber auch, dass wir in dieser Woche auf unsere Drehbuchautorin\/Regisseurin VERZICHTEN mussten, w\u00e4hrend wir in ihrer Abwesenheit 11 weitere Filme drehten.<\/p>\n<p>Das Ganze war eine erstaunliche Reise, aber auch eine lebensver\u00e4ndernde Lektion zu der bedeutungsvollen Arbeit des NEA und der Situation der sch\u00f6nen K\u00fcnste in unserem Land. Dar\u00fcber hinaus war es aber auch eine Gelegenheit f\u00fcr alle Mitglieder des Teams. einige Jahre lang wirklich Freude an ihrer Arbeit zu empfinden und das Gef\u00fchl zu haben, einen echten Unterschied zu bewirken.<\/p>\n<\/div>\n\r\n\t\t\t<\/div>\r\n\t\t<\/div>\r\n\t\r\n<\/div><\/div><\/div><\/div><\/div><\/div><\/div>[\/vc_column][\/vc_row][vc_row css=&#8221;.vc_custom_1502912860141{margin-top: 0px !important;margin-bottom: 0px !important;padding-top: 0px !important;padding-bottom: 0px !important;}&#8221;][vc_column css=&#8221;.vc_custom_1502912853028{margin-top: 0px !important;margin-bottom: 0px !important;padding-top: 0px !important;padding-bottom: 0px !important;}&#8221;][\/vc_column][\/vc_row][vc_row disable_element=&#8221;yes&#8221; css=&#8221;.vc_custom_1639742729672{margin-top: 0px !important;margin-right: 0px !important;margin-bottom: 0px !important;margin-left: 0px !important;border-top-width: 0px !important;border-right-width: 0px !important;border-bottom-width: 0px !important;border-left-width: 0px !important;padding-top: 0px !important;padding-right: 0px !important;padding-bottom: 0px !important;padding-left: 0px !important;}&#8221;][vc_column css=&#8221;.vc_custom_1504619896726{margin-top: 0px !important;margin-right: 0px !important;margin-bottom: 0px !important;margin-left: 0px !important;border-top-width: 0px !important;border-right-width: 0px !important;border-bottom-width: 0px !important;border-left-width: 0px !important;padding-top: 0px !important;padding-right: 0px !important;padding-bottom: 0px !important;padding-left: 0px !important;}&#8221;][\/vc_column][\/vc_row]<\/p>\n","protected":false},"excerpt":{"rendered":"","protected":false},"author":1,"featured_media":0,"parent":0,"menu_order":0,"comment_status":"closed","ping_status":"closed","template":"","meta":{"footnotes":""},"class_list":["post-33159","page","type-page","status-publish"],"acf":[],"yoast_head":"<!-- This site is optimized with the Yoast SEO plugin v18.5 - https:\/\/yoast.com\/wordpress\/plugins\/seo\/ -->\n<title>Fallstudie - NEA - Fire Starter Studios<\/title>\n<meta name=\"description\" content=\"Fallstudie - NEA . Discover this and more from Fire Starter Studios - video production company.\" \/>\n<meta name=\"robots\" content=\"index, follow, max-snippet:-1, max-image-preview:large, max-video-preview:-1\" \/>\n<link rel=\"canonical\" href=\"https:\/\/firestarter-studios.com\/de\/fallstudie-nea\/\" \/>\n<meta property=\"og:locale\" content=\"de_DE\" \/>\n<meta property=\"og:type\" content=\"article\" \/>\n<meta property=\"og:title\" content=\"Fallstudie - NEA - Fire Starter Studios\" \/>\n<meta property=\"og:description\" content=\"Fallstudie - NEA . Discover this and more from Fire Starter Studios - video production company.\" \/>\n<meta property=\"og:url\" content=\"https:\/\/firestarter-studios.com\/de\/fallstudie-nea\/\" \/>\n<meta property=\"og:site_name\" content=\"Fire Starter Studios\" \/>\n<meta property=\"article:modified_time\" content=\"2022-09-29T12:16:39+00:00\" \/>\n<meta name=\"twitter:card\" content=\"summary\" \/>\n<meta name=\"twitter:label1\" content=\"Gesch\u00e4tzte Lesezeit\" \/>\n\t<meta name=\"twitter:data1\" content=\"4\u00a0Minuten\" \/>\n<!-- \/ Yoast SEO plugin. -->","yoast_head_json":{"title":"Fallstudie - NEA - Fire Starter Studios","description":"Fallstudie - NEA . Discover this and more from Fire Starter Studios - video production company.","robots":{"index":"index","follow":"follow","max-snippet":"max-snippet:-1","max-image-preview":"max-image-preview:large","max-video-preview":"max-video-preview:-1"},"canonical":"https:\/\/firestarter-studios.com\/de\/fallstudie-nea\/","og_locale":"de_DE","og_type":"article","og_title":"Fallstudie - NEA - Fire Starter Studios","og_description":"Fallstudie - NEA . Discover this and more from Fire Starter Studios - video production company.","og_url":"https:\/\/firestarter-studios.com\/de\/fallstudie-nea\/","og_site_name":"Fire Starter Studios","article_modified_time":"2022-09-29T12:16:39+00:00","twitter_card":"summary","twitter_misc":{"Gesch\u00e4tzte Lesezeit":"4\u00a0Minuten"},"schema":{"@context":"https:\/\/schema.org","@graph":[{"@type":"Organization","@id":"https:\/\/firestarter-studios.com\/#organization","name":"Fire Starter Studios","url":"https:\/\/firestarter-studios.com\/","sameAs":[],"logo":{"@type":"ImageObject","@id":"https:\/\/firestarter-studios.com\/#logo","inLanguage":"de","url":"https:\/\/firestarter-studios.com\/wp-content\/uploads\/2021\/12\/fire-starter-studios-logo.png","contentUrl":"https:\/\/firestarter-studios.com\/wp-content\/uploads\/2021\/12\/fire-starter-studios-logo.png","width":264,"height":62,"caption":"Fire Starter Studios"},"image":{"@id":"https:\/\/firestarter-studios.com\/#logo"}},{"@type":"WebSite","@id":"https:\/\/firestarter-studios.com\/#website","url":"https:\/\/firestarter-studios.com\/","name":"Fire Starter Studios","description":"Creative Storytelling for Entertainment, Brands, and Businesses","publisher":{"@id":"https:\/\/firestarter-studios.com\/#organization"},"potentialAction":[{"@type":"SearchAction","target":{"@type":"EntryPoint","urlTemplate":"https:\/\/firestarter-studios.com\/?s={search_term_string}"},"query-input":"required name=search_term_string"}],"inLanguage":"de"},{"@type":"WebPage","@id":"https:\/\/firestarter-studios.com\/de\/fallstudie-nea\/#webpage","url":"https:\/\/firestarter-studios.com\/de\/fallstudie-nea\/","name":"Fallstudie - NEA - Fire Starter Studios","isPartOf":{"@id":"https:\/\/firestarter-studios.com\/#website"},"datePublished":"2022-01-06T13:14:16+00:00","dateModified":"2022-09-29T12:16:39+00:00","description":"Fallstudie - NEA . Discover this and more from Fire Starter Studios - video production company.","breadcrumb":{"@id":"https:\/\/firestarter-studios.com\/de\/fallstudie-nea\/#breadcrumb"},"inLanguage":"de","potentialAction":[{"@type":"ReadAction","target":["https:\/\/firestarter-studios.com\/de\/fallstudie-nea\/"]}]},{"@type":"BreadcrumbList","@id":"https:\/\/firestarter-studios.com\/de\/fallstudie-nea\/#breadcrumb","itemListElement":[{"@type":"ListItem","position":1,"name":"Home","item":"https:\/\/firestarter-studios.com\/de\/"},{"@type":"ListItem","position":2,"name":"Fallstudie &#8211; NEA"}]}]}},"_links":{"self":[{"href":"https:\/\/firestarter-studios.com\/de\/wp-json\/wp\/v2\/pages\/33159","targetHints":{"allow":["GET"]}}],"collection":[{"href":"https:\/\/firestarter-studios.com\/de\/wp-json\/wp\/v2\/pages"}],"about":[{"href":"https:\/\/firestarter-studios.com\/de\/wp-json\/wp\/v2\/types\/page"}],"author":[{"embeddable":true,"href":"https:\/\/firestarter-studios.com\/de\/wp-json\/wp\/v2\/users\/1"}],"replies":[{"embeddable":true,"href":"https:\/\/firestarter-studios.com\/de\/wp-json\/wp\/v2\/comments?post=33159"}],"version-history":[{"count":3,"href":"https:\/\/firestarter-studios.com\/de\/wp-json\/wp\/v2\/pages\/33159\/revisions"}],"predecessor-version":[{"id":33664,"href":"https:\/\/firestarter-studios.com\/de\/wp-json\/wp\/v2\/pages\/33159\/revisions\/33664"}],"wp:attachment":[{"href":"https:\/\/firestarter-studios.com\/de\/wp-json\/wp\/v2\/media?parent=33159"}],"curies":[{"name":"wp","href":"https:\/\/api.w.org\/{rel}","templated":true}]}}