{"id":33130,"date":"2022-01-04T11:49:33","date_gmt":"2022-01-04T11:49:33","guid":{"rendered":"https:\/\/firestarter-studios.com\/contactenos\/"},"modified":"2022-09-30T12:38:18","modified_gmt":"2022-09-30T12:38:18","slug":"contacto-2","status":"publish","type":"page","link":"https:\/\/firestarter-studios.com\/es\/contacto-2\/","title":{"rendered":"CONTACTO"},"content":{"rendered":"<p>[vc_row full_width=&#8221;stretch_row_content&#8221; css=&#8221;.vc_custom_1505227480943{margin-bottom: 0px !important;padding-top: 70px !important;background-image: url(https:\/\/firestarter-studios.com\/wp-content\/uploads\/2016\/03\/contact-form-bg_updated_newer.jpg?id=30185) !important;background-position: center !important;background-repeat: no-repeat !important;background-size: cover !important;}&#8221;][vc_column el_class=&#8221;.wpb_widgetised_column .line-2&#8243; css=&#8221;.vc_custom_1458295477548{padding-left: 60px !important;}&#8221;]<div class=\"clearboth\"><\/div><div class=\"gem-divider \" style=\"margin-top: 50px;\"><\/div>[vc_column_text css_animation=&#8221;fadeInLeft&#8221;]<\/p>\n<div class=\"title-h2 white\">los Angeles<\/div>\n<p>[\/vc_column_text]<div class=\"clearboth\"><\/div><div class=\"gem-divider \" style=\"margin-top: 32px;\"><\/div>[vc_row_inner css=&#8221;.vc_custom_1503926225282{margin-top: 0px !important;margin-right: 0px !important;margin-bottom: 0px !important;margin-left: -20px !important;padding-top: 0px !important;padding-right: 0px !important;padding-bottom: 0px !important;padding-left: 0px !important;}&#8221;][vc_column_inner width=&#8221;1\/3&#8243; css=&#8221;.vc_custom_1503926406055{padding-top: 20px !important;padding-right: 20px !important;padding-bottom: 20px !important;padding-left: 20px !important;background-color: rgba(17,17,17,0.65) !important;*background-color: rgb(17,17,17) !important;}&#8221;][vc_column_text css_animation=&#8221;fadeInLeft&#8221;]<\/p>\n<div class=\"title-h6\">\n<div class=\"gem-contacts-item gem-contacts-phone white\">Tel\u00e9fono:<br \/>\n<a style=\"color: #666666;\" href=\"tel:+%31%37%34%37%32%30%31%37%34%30%30\" target=\"_blank\" rel=\"noopener noreferrer\"><img decoding=\"async\" class=\"size-full wp-image-33023 alignleft\" src=\"https:\/\/firestarter-studios.com\/wp-content\/uploads\/2020\/03\/phone.png\" alt=\"\" width=\"138\" height=\"14\" \/><\/a><\/div>\n<div><\/div>\n<\/div>\n<div><\/div>\n<div><\/div>\n<div class=\"title-h6\">\n<div class=\"gem-contacts-item gem-contacts-email white\">Correo electr\u00f3nico:<br \/>\n<a style=\"color: #666666;\" href=\"mailto:hello@firestarter-studios.com\">hello@firestarter-studios.com<\/a><\/div>\n<div class=\"gem-contacts-item white\">\n<p style=\"text-transform: none; margin-bottom: -3px;\">Para enviar un curr\u00edculum vitae o consultar sobre un posible empleo, env\u00ede un correo electr\u00f3nico a:<\/p>\n<div class=\"gem-contacts-item gem-contacts-email white\"><a style=\"color: #666666;\" href=\"mailto:hello@firestarter-studios.com\"> hello@firestarter-studios.com<\/a><\/div>\n<\/div>\n<\/div>\n<p>[\/vc_column_text][\/vc_column_inner][vc_column_inner width=&#8221;2\/3&#8243;][\/vc_column_inner][\/vc_row_inner]<div class=\"clearboth\"><\/div><div class=\"gem-divider \" style=\"margin-top: 105px;\"><\/div>[\/vc_column][\/vc_row][vc_row full_width=&#8221;stretch_row_content&#8221; equal_height=&#8221;yes&#8221; content_placement=&#8221;middle&#8221; css=&#8221;.vc_custom_1502747176017{margin-bottom: 0px !important;background-color: #3a3c4d !important;}&#8221;][vc_column width=&#8221;1\/2&#8243; offset=&#8221;vc_col-lg-4 vc_col-md-4&#8243; css=&#8221;.vc_custom_1505227492577{background-image: url(https:\/\/firestarter-studios.com\/wp-content\/uploads\/2016\/03\/bg_contact_noOverlay.jpg?id=30160) !important;background-position: center !important;background-repeat: no-repeat !important;background-size: cover !important;}&#8221;]<div class=\"gem-textbox  centered-box\"  ><div class=\"gem-textbox-inner\" style=\"\"><div class=\"gem-textbox-content\" style=\"background-position: center top;\"><div class=\"clearboth\"><\/div><div class=\"gem-divider \" style=\"margin-top: 70px;\"><\/div>[vc_single_image image=&#8221;32187&#8243; img_size=&#8221;full&#8221; alignment=&#8221;center&#8221; css=&#8221;.vc_custom_1500946772383{padding-right: 45px !important;padding-left: 45px !important;}&#8221;]<div class=\"clearboth\"><\/div><div class=\"gem-divider \" style=\"margin-top: 50px;\"><\/div><div class=\"socials socials-list socials-colored socials-rounded socials-alignment-left\"><a class=\"socials-item\" target=\"_blank\" href=\"https:\/\/www.facebook.com\/firestarterstudios\"><i class=\"socials-item-icon facebook\" style=\"font-size: 32px\"><\/i><\/a><a class=\"socials-item\" target=\"_blank\" href=\"http:\/\/www.twitter.com\/firestarterEnt\"><i class=\"socials-item-icon twitter\" style=\"font-size: 32px\"><\/i><\/a><a class=\"socials-item\" target=\"_blank\" href=\"https:\/\/www.instagram.com\/firestarterstudios\/\"><i class=\"socials-item-icon instagram\" style=\"font-size: 32px\"><\/i><\/a><a class=\"socials-item\" target=\"_blank\" href=\"https:\/\/www.youtube.com\/channel\/UCmsHpzm5KPNfWTB23Bt4_sw\"><i class=\"socials-item-icon youtube\" style=\"font-size: 32px\"><\/i><\/a><\/div><div class=\"clearboth\"><\/div><div class=\"gem-divider \" style=\"margin-top: 55px;\"><\/div><\/div><\/div><\/div>[\/vc_column][vc_column width=&#8221;1\/2&#8243; css=&#8221;.vc_custom_1504643575726{padding-right: 65px !important;padding-bottom: 40px !important;padding-left: 65px !important;background-color: #111111 !important;background-position: center !important;background-repeat: no-repeat !important;background-size: cover !important;}&#8221; offset=&#8221;vc_col-lg-8 vc_col-md-8&#8243;]<div class=\"clearboth\"><\/div><div class=\"gem-divider \" style=\"margin-top: 50px;\"><\/div>[vc_column_text]<\/p>\n<h1 class=\"title-h2 white\">Comun\u00edquese <span class=\"light\">con nosotros<\/span><\/h1>\n<p class=\"white\" style=\"font-size: 22px;\">Si tiene preguntas sobre empleo o proveedores, env\u00ede un correo electr\u00f3nico a <a href=\"mailto:hello@firestarter-studios.com\">hello@firestarter-studios.com<\/a><\/p>\n<p>[\/vc_column_text]<div class=\"clearboth\"><\/div><div class=\"gem-divider \" style=\"margin-top: 50px;\"><\/div>[vc_raw_html el_id=&#8221;zoho-form-contact&#8221;][\/vc_raw_html][vc_raw_html el_id=&#8221;zoho-form-contact&#8221;]JTNDJTIxLS0lMjAtLS0tLS0tLS0tLS0tLS0tLS0tLS0tLS0tLS0tLS0tLS0tLS0tLS0tLS0tLS0tLS0tLS0tLS0tLS0tLS0tLS0tLS0tLS0tJTIwLS0lM0UlMEElM0MlMjEtLSUyME5PVEUlM0ElMjBQbGVhc2UlMjBhZGQlMjB0aGUlMjBmb2xsb3dpbmclMjAlM0NNRVRBJTNFJTIwZWxlbWVudCUyMHRvJTIweW91ciUyMHBhZ2UlMjAlM0NIRUFEJTNFLiUyMCUyMCUyMCUyMCUyMCUyMC0tJTNFJTBBJTNDJTIxLS0lMjBJZiUyMG5lY2Vzc2FyeSUyQyUyMHBsZWFzZSUyMG1vZGlmeSUyMHRoZSUyMGNoYXJzZXQlMjBwYXJhbWV0ZXIlMjB0byUyMHNwZWNpZnklMjB0aGUlMjAtLSUzRSUwQSUzQyUyMS0tJTIwY2hhcmFjdGVyJTIwc2V0JTIwb2YlMjB5b3VyJTIwSFRNTCUyMHBhZ2UuJTIwLS0lM0UlMEElM0MlMjEtLSUyMC0tLS0tLS0tLS0tLS0tLS0tLS0tLS0tLS0tLS0tLS0tLS0tLS0tLS0tLS0tLS0tLS0tLS0tLS0tLS0tLS0tLS0tLS0tLS0lMjAtLSUzRSUwQSUwQSUzQ3NjcmlwdCUyMHNyYyUzRCUyMmh0dHBzJTNBJTJGJTJGd3d3Lmdvb2dsZS5jb20lMkZyZWNhcHRjaGElMkZhcGkuanMlMjIlM0UlM0MlMkZzY3JpcHQlM0UlMEElM0NzY3JpcHQlM0UlMEElMjBmdW5jdGlvbiUyMHRpbWVzdGFtcCUyOCUyOSUyMCU3QiUyMHZhciUyMHJlc3BvbnNlJTIwJTNEJTIwZG9jdW1lbnQuZ2V0RWxlbWVudEJ5SWQlMjglMjJnLXJlY2FwdGNoYS1yZXNwb25zZSUyMiUyOSUzQiUyMGlmJTIwJTI4cmVzcG9uc2UlMjAlM0QlM0QlMjBudWxsJTIwJTdDJTdDJTIwcmVzcG9uc2UudmFsdWUudHJpbSUyOCUyOSUyMCUzRCUzRCUyMCUyMiUyMiUyOSUyMCU3QnZhciUyMGVsZW1zJTIwJTNEJTIwSlNPTi5wYXJzZSUyOGRvY3VtZW50LmdldEVsZW1lbnRzQnlOYW1lJTI4JTIyY2FwdGNoYV9zZXR0aW5ncyUyMiUyOSU1QjAlNUQudmFsdWUlMjklM0JlbGVtcyU1QiUyMnRzJTIyJTVEJTIwJTNEJTIwSlNPTi5zdHJpbmdpZnklMjhuZXclMjBEYXRlJTI4JTI5LmdldFRpbWUlMjglMjklMjklM0Jkb2N1bWVudC5nZXRFbGVtZW50c0J5TmFtZSUyOCUyMmNhcHRjaGFfc2V0dGluZ3MlMjIlMjklNUIwJTVELnZhbHVlJTIwJTNEJTIwSlNPTi5zdHJpbmdpZnklMjhlbGVtcyUyOSUzQiUyMCU3RCUyMCU3RCUyMHNldEludGVydmFsJTI4dGltZXN0YW1wJTJDJTIwNTAwJTI5JTNCJTIwJTBBJTNDJTJGc2NyaXB0JTNFJTBBJTNDJTIxLS0lMjAtLS0tLS0tLS0tLS0tLS0tLS0tLS0tLS0tLS0tLS0tLS0tLS0tLS0tLS0tLS0tLS0tLS0tLS0tLS0tLS0tLS0tLS0tLS0tJTIwLS0lM0UlMEElM0MlMjEtLSUyME5PVEUlM0ElMjBQbGVhc2UlMjBhZGQlMjB0aGUlMjBmb2xsb3dpbmclMEElMEElM0NGT1JNJTNFJTIwZWxlbWVudCUyMHRvJTIweW91ciUyMHBhZ2UuJTIwJTIwJTIwJTIwJTIwJTIwJTIwJTIwJTIwJTIwJTIwJTIwJTIwLS0lM0UlMEElM0MlMjEtLSUyMC0tLS0tLS0tLS0tLS0tLS0tLS0tLS0tLS0tLS0tLS0tLS0tLS0tLS0tLS0tLS0tLS0tLS0tLS0tLS0tLS0tLS0tLS0tLS0lMjAtLSUzRSUwQSUwQSUzQ2Zvcm0lMjBhY3Rpb24lM0QlMjJodHRwcyUzQSUyRiUyRndlYnRvLnNhbGVzZm9yY2UuY29tJTJGc2VydmxldCUyRnNlcnZsZXQuV2ViVG9MZWFkJTNGZW5jb2RpbmclM0RVVEYtOCUyMiUyMG1ldGhvZCUzRCUyMlBPU1QlMjIlM0UlM0NpbnB1dCUyMG5hbWUlM0QlMjJjYXB0Y2hhX3NldHRpbmdzJTIyJTIwdHlwZSUzRCUyMmhpZGRlbiUyMiUyMHZhbHVlJTNEJTIyJTdCJTIyJTIwJTJGJTNFJTBBJTNDaW5wdXQlMjBuYW1lJTNEJTIyb2lkJTIyJTIwdHlwZSUzRCUyMmhpZGRlbiUyMiUyMHZhbHVlJTNEJTIyMDBEMkUwMDAwMDBwVE1TJTIyJTIwJTJGJTNFJTBBJTNDaW5wdXQlMjBuYW1lJTNEJTIycmV0VVJMJTIyJTIwdHlwZSUzRCUyMmhpZGRlbiUyMiUyMHZhbHVlJTNEJTIyaHR0cHMlM0ElMkYlMkZ3d3cuZmlyZXN0YXJ0ZXItc3R1ZGlvcy5jb20lMkZ0aGFuay15b3UlMkYlMjIlMjAlMkYlM0UlMEElMEElM0MlMjEtLSUyMC0tLS0tLS0tLS0tLS0tLS0tLS0tLS0tLS0tLS0tLS0tLS0tLS0tLS0tLS0tLS0tLS0tLS0tLS0tLS0tLS0tLS0tLS0tLS0lMjAtLSUzRSUwQSUzQyUyMS0tJTIwTk9URSUzQSUyMFRoZXNlJTIwZmllbGRzJTIwYXJlJTIwb3B0aW9uYWwlMjBkZWJ1Z2dpbmclMjBlbGVtZW50cy4lMjBQbGVhc2UlMjB1bmNvbW1lbnQlMjAtLSUzRSUwQSUzQyUyMS0tJTIwdGhlc2UlMjBsaW5lcyUyMGlmJTIweW91JTIwd2lzaCUyMHRvJTIwdGVzdCUyMGluJTIwZGVidWclMjBtb2RlLiUyMC0tJTNFJTBBJTNDJTIxLS0lMjAlM0NpbnB1dCUyMHR5cGUlM0QlMjJoaWRkZW4lMjIlMjBuYW1lJTNEJTIyZGVidWclMjIlMjB2YWx1ZSUzRDElM0UlMjAlMjAlMjAlMjAlMjAlMjAlMjAlMjAlMjAlMjAlMjAlMjAlMjAlMjAlMjAlMjAlMjAlMjAlMjAlMjAlMjAlMjAlMjAlMjAlMjAlMjAlMjAlMjAlMjAlMjAtLSUzRSUwQSUzQyUyMS0tJTIwJTNDaW5wdXQlMjB0eXBlJTNEJTIyaGlkZGVuJTIyJTIwbmFtZSUzRCUyMmRlYnVnRW1haWwlMjIlMjAtLSUzRSUwQSUzQyUyMS0tJTIwdmFsdWUlM0QlMjJyayU0MGZpcmVzdGFydGVyc3R1ZGlvcy5jb20lMjIlM0UlMjAlMjAlMjAlMjAlMjAlMjAlMjAlMjAlMjAlMjAlMjAlMjAlMjAlMjAlMjAlMjAlMjAlMjAlMjAlMjAlMjAlMjAlMjAlMjAlMjAlMjAlMjAlMjAlMjAlMjAlMjAlMjAlMjAlMjAlMjAlMjAlMjAlMjAtLSUzRSUwQSUzQyUyMS0tJTIwLS0tLS0tLS0tLS0tLS0tLS0tLS0tLS0tLS0tLS0tLS0tLS0tLS0tLS0tLS0tLS0tLS0tLS0tLS0tLS0tLS0tLS0tLS0tLSUyMC0tJTNFJTBBJTNDdGFibGUlMjBjbGFzcyUzRCUyMmZvcm0tY29udGFpbnRlci1jb250YWN0JTIyJTNFJTBBJTNDdGJvZHklM0UlMEElM0N0ciUyMGNsYXNzJTNEJTIyaGFsZiUyMiUzRSUwQSUzQ3RkJTNFJTNDaW5wdXQlMjBpZCUzRCUyMmZpcnN0X25hbWUlMjIlMjBtYXhsZW5ndGglM0QlMjI0MCUyMiUyMG5hbWUlM0QlMjJmaXJzdF9uYW1lJTIyJTIwcmVxdWlyZWQlM0QlMjIlMjIlMjBzaXplJTNEJTIyMjAlMjIlMjB0eXBlJTNEJTIydGV4dCUyMiUyMHBsYWNlaG9sZGVyJTNEJTIyUHJpbWVyJTIwbm9tYnJlJTJBJTIyJTIwJTJGJTNFJTNDJTJGdGQlM0UlMEElM0MlMkZ0ciUzRSUwQSUzQ3RyJTIwY2xhc3MlM0QlMjJoYWxmJTIyJTNFJTBBJTNDdGQlM0UlM0NpbnB1dCUyMGlkJTNEJTIybGFzdF9uYW1lJTIyJTIwbWF4bGVuZ3RoJTNEJTIyODAlMjIlMjBuYW1lJTNEJTIybGFzdF9uYW1lJTIyJTIwcmVxdWlyZWQlM0QlMjIlMjIlMjBzaXplJTNEJTIyMjAlMjIlMjB0eXBlJTNEJTIydGV4dCUyMiUyMHBsYWNlaG9sZGVyJTNEJTIyQXBlbGxpZG8lMkElMjIlMjAlMkYlM0UlM0MlMkZ0ZCUzRSUwQSUzQyUyRnRyJTNFJTBBJTNDdHIlMjBjbGFzcyUzRCUyMmhhbGYlMjIlM0UlMEElM0N0ZCUzRSUzQ2lucHV0JTIwaWQlM0QlMjJlbWFpbCUyMiUyMG1heGxlbmd0aCUzRCUyMjgwJTIyJTIwbmFtZSUzRCUyMmVtYWlsJTIyJTIwcmVxdWlyZWQlM0QlMjIlMjIlMjBzaXplJTNEJTIyMjAlMjIlMjB0eXBlJTNEJTIydGV4dCUyMiUyMHBsYWNlaG9sZGVyJTNEJTIyQ29ycmVvJTIwZWxlY3RyJUMzJUIzbmljbyUyQSUyMiUyMCUyRiUzRSUzQyUyRnRkJTNFJTBBJTNDJTJGdHIlM0UlMEElM0N0ciUyMGNsYXNzJTNEJTIyaGFsZiUyMiUzRSUwQSUzQ3RkJTNFJTNDaW5wdXQlMjBpZCUzRCUyMnBob25lJTIyJTIwbWF4bGVuZ3RoJTNEJTIyNDAlMjIlMjBuYW1lJTNEJTIycGhvbmUlMjIlMjByZXF1aXJlZCUzRCUyMiUyMiUyMHNpemUlM0QlMjIyMCUyMiUyMHR5cGUlM0QlMjJ0ZXh0JTIyJTIwcGxhY2Vob2xkZXIlM0QlMjJUZWwlQzMlQTlmb25vJTJBJTIyJTIwJTJGJTNFJTNDJTJGdGQlM0UlMEElM0MlMkZ0ciUzRSUwQSUzQ3RyJTIwY2xhc3MlM0QlMjJmdWxsJTIyJTNFJTBBJTNDdGQlMjBjbGFzcyUzRCUyMnVuaXEtaW5kdXN0cnl0YWIlMjIlM0UlM0NsYWJlbCUyMGZvciUzRCUyMmluZHVzdHJ5JTIyJTNFSW5kdXN0cmlhJTNDJTJGbGFiZWwlM0UlM0NzZWxlY3QlMjBpZCUzRCUyMmluZHVzdHJ5JTIyJTIwbmFtZSUzRCUyMmluZHVzdHJ5JTIyJTNFJTBBJTNDb3B0aW9uJTIwdmFsdWUlM0QlMjJOaW5ndW5hJTIyJTNFTmluZ3VuYSUzQyUyRm9wdGlvbiUzRSUwQSUzQ29wdGlvbiUyMHZhbHVlJTNEJTIyQWdyaWN1bHR1cmElMjIlM0VBZ3JpY3VsdHVyYSUzQyUyRm9wdGlvbiUzRSUwQSUzQ29wdGlvbiUyMHZhbHVlJTNEJTIyTW9kYSUyMiUzRU1vZGElM0MlMkZvcHRpb24lM0UlMEElM0NvcHRpb24lMjB2YWx1ZSUzRCUyMkJhbmNvJTIwJTIyJTNFQmFuY28lMjAlM0MlMkZvcHRpb24lM0UlMEElM0NvcHRpb24lMjB2YWx1ZSUzRCUyMkJpb3RlY25vbG9nJUMzJUFEYSUyMiUzRUJpb3RlY25vbG9nJUMzJUFEYSUzQyUyRm9wdGlvbiUzRSUwQSUzQ29wdGlvbiUyMHZhbHVlJTNEJTIyUXUlQzMlQURtaWNvcyUyMiUzRVF1JUMzJUFEbWljb3MlM0MlMkZvcHRpb24lM0UlMEElM0NvcHRpb24lMjB2YWx1ZSUzRCUyMkNvbXVuaWNhY2lvbmVzJTIyJTNFQ29tdW5pY2FjaW9uZXMlM0MlMkZvcHRpb24lM0UlMEElM0NvcHRpb24lMjB2YWx1ZSUzRCUyMkNvbnN0cnVjY2klQzMlQjNuJTIyJTNFQ29uc3RydWNjaSVDMyVCM24lM0MlMkZvcHRpb24lM0UlMEElM0NvcHRpb24lMjB2YWx1ZSUzRCUyMkNvbnN1bHRvciVDMyVBRGElMjIlM0VDb25zdWx0b3IlQzMlQURhJTNDJTJGb3B0aW9uJTNFJTBBJTNDb3B0aW9uJTIwdmFsdWUlM0QlMjJFZHVjYWNpJUMzJUIzbiUyMiUzRUVkdWNhY2klQzMlQjNuJTNDJTJGb3B0aW9uJTNFJTBBJTNDb3B0aW9uJTIwdmFsdWUlM0QlMjJFbGVjdHIlQzMlQjNuaWNhJTIyJTNFRWxlY3RyJUMzJUIzbmljYSUzQyUyRm9wdGlvbiUzRSUwQSUzQ29wdGlvbiUyMHZhbHVlJTNEJTIyRW5lcmclQzMlQURhJTIyJTNFRW5lcmclQzMlQURhJTNDJTJGb3B0aW9uJTNFJTBBJTNDb3B0aW9uJTIwdmFsdWUlM0QlMjJJbmdlbmllcmlhJTIyJTNFSW5nZW5pZXJpYSUzQyUyRm9wdGlvbiUzRSUwQSUzQ29wdGlvbiUyMHZhbHVlJTNEJTIyRW50cmV0ZW5pbWllbnRvJTIyJTNFRW50cmV0ZW5pbWllbnRvJTNDJTJGb3B0aW9uJTNFJTBBJTNDb3B0aW9uJTIwdmFsdWUlM0QlMjJNZWRpbyUyMGFtYmllbnRlJTIyJTNFTWVkaW8lMjBhbWJpZW50ZSUzQyUyRm9wdGlvbiUzRSUwQSUzQ29wdGlvbiUyMHZhbHVlJTNEJTIyRmluYW56YXMlMjIlM0VGaW5hbnphcyUzQyUyRm9wdGlvbiUzRSUwQSUzQ29wdGlvbiUyMHZhbHVlJTNEJTIyQmViaWRhJTIwQ29taWRhJTIweSUyMGJlYmlkYXMlMjIlM0VDb21pZGElMjB5JTIwYmViaWRhcyUzQyUyRm9wdGlvbiUzRSUwQSUzQ29wdGlvbiUyMHZhbHVlJTNEJTIyR29iaWVybm8lMjIlM0VHb2JpZXJubyUzQyUyRm9wdGlvbiUzRSUwQSUzQ29wdGlvbiUyMHZhbHVlJTNEJTIyQXRlbmNpJUMzJUIzbiUyMGRlJTIwbGElMjBzYWx1ZCUyMiUzRUF0ZW5jaSVDMyVCM24lMjBkZSUyMGxhJTIwc2FsdWQlM0MlMkZvcHRpb24lM0UlMEElM0NvcHRpb24lMjB2YWx1ZSUzRCUyMkhvc3BpdGFsaWRhZCUyMiUzRUhvc3BpdGFsaWRhZCUzQyUyRm9wdGlvbiUzRSUwQSUzQ29wdGlvbiUyMHZhbHVlJTNEJTIyU2VndXJvJTIyJTNFU2VndXJvJTNDJTJGb3B0aW9uJTNFJTBBJTNDb3B0aW9uJTIwdmFsdWUlM0QlMjJNYXF1aW5hcmlhJTIyJTNFTWFxdWluYXJpYSUzQyUyRm9wdGlvbiUzRSUwQSUzQ29wdGlvbiUyMHZhbHVlJTNEJTIyRmFicmljYWNpJUMzJUIzbiUyMiUzRUZhYnJpY2FjaSVDMyVCM24lM0MlMkZvcHRpb24lM0UlMEElM0NvcHRpb24lMjB2YWx1ZSUzRCUyMk1lZGlvcyUyMGRlJTIwY29tdW5pY2FjaSVDMyVCM24lMjIlM0VNZWRpb3MlMjBkZSUyMGNvbXVuaWNhY2klQzMlQjNuJTNDJTJGb3B0aW9uJTNFJTBBJTNDb3B0aW9uJTIwdmFsdWUlM0QlMjJTaW4lMjBmaW5lcyUyMGRlJTIwbHVjcm8lMjIlM0VTaW4lMjBmaW5lcyUyMGRlJTIwbHVjcm8lM0MlMkZvcHRpb24lM0UlMEElM0NvcHRpb24lMjB2YWx1ZSUzRCUyMk90cm8lMjIlM0VPdHJvJTNDJTJGb3B0aW9uJTNFJTBBJTNDb3B0aW9uJTIwdmFsdWUlM0QlMjJSZWNyZWFjaSVDMyVCM24lMjIlM0VSZWNyZWFjaSVDMyVCM24lM0MlMkZvcHRpb24lM0UlMEElM0NvcHRpb24lMjB2YWx1ZSUzRCUyMk1pbm9yaXN0YSUyMiUzRU1pbm9yaXN0YSUzQyUyRm9wdGlvbiUzRSUwQSUzQ29wdGlvbiUyMHZhbHVlJTNEJTIyRW52JUMzJUFEb3MlMjIlM0VFbnYlQzMlQURvcyUzQyUyRm9wdGlvbiUzRSUwQSUzQ29wdGlvbiUyMHZhbHVlJTNEJTIyVGVjbm9sb2clQzMlQURhJTIyJTNFVGVjbm9sb2clQzMlQURhJTNDJTJGb3B0aW9uJTNFJTBBJTNDb3B0aW9uJTIwdmFsdWUlM0QlMjJUZWxlY29tdW5pY2FjaW9uZXMlMjIlM0VUZWxlY29tdW5pY2FjaW9uZXMlM0MlMkZvcHRpb24lM0UlMEElM0NvcHRpb24lMjB2YWx1ZSUzRCUyMlRyYW5zcG9ydGUlMjIlM0VUcmFuc3BvcnRlJTNDJTJGb3B0aW9uJTNFJTBBJTNDb3B0aW9uJTIwdmFsdWUlM0QlMjJTZXJ2aWNpb3MlMjBwJUMzJUJBYmxpY29zJTIyJTNFU2VydmljaW9zJTIwcCVDMyVCQWJsaWNvcyUzQyUyRm9wdGlvbiUzRSUwQSUzQyUyRnNlbGVjdCUzRSUzQyUyRnRkJTNFJTBBJTNDJTJGdHIlM0UlMEElM0N0ciUyMGNsYXNzJTNEJTIybWVzc2FnZS1jb250YWluZXIlMjIlM0UlMEElM0N0ZCUyMGNsYXNzJTNEJTIybWVzc2FnZSUyMiUzRSUzQ3RleHRhcmVhJTIwbmFtZSUzRCUyMmRlc2NyaXB0aW9uJTIyJTIwcmVxdWlyZWQlM0QlMjIlMjIlMjBwbGFjZWhvbGRlciUzRCUyMk1lbnNhamUlMkElMjIlM0UlM0MlMkZ0ZXh0YXJlYSUzRSUzQyUyRnRkJTNFJTBBJTNDJTJGdHIlM0UlMEElM0N0ciUyMGNsYXNzJTNEJTIyaGFsZiUyMiUzRSUwQSUzQ3RkJTNFJTBBJTNDZGl2JTIwY2xhc3MlM0QlMjJnLXJlY2FwdGNoYSUyMiUyMGRhdGEtc2l0ZWtleSUzRCUyMjZMZjY4N0FVQUFBQUFEMUNURkNXUWR2VzFmakRuV2lVb2NVM3paOVMlMjIlM0UlM0MlMkZkaXYlM0UlM0MlMkZ0ZCUzRSUwQSUzQyUyRnRyJTNFJTBBJTNDdHIlMjBjbGFzcyUzRCUyMnN1Ym1pdC1jb250YWN0JTIyJTNFJTBBJTNDdGQlMjBjbGFzcyUzRCUyMnN1Ym1pdC1idXR0b24tY29udGFjdCUyMiUyMHN0eWxlJTNEJTIydGV4dC1hbGlnbiUzQSUyMGNlbnRlciUzQiUyMiUzRSUwQSUzQ2lucHV0JTIwbmFtZSUzRCUyMnN1Ym1pdCUyMiUyMHR5cGUlM0QlMjJzdWJtaXQlMjIlMjAlMkYlM0UlM0MlMkZ0ZCUzRSUwQSUzQyUyRnRyJTNFJTBBJTNDJTJGdGJvZHklM0UlMEElM0MlMkZ0YWJsZSUzRSUwQSUzQyUyRmZvcm0lM0U=[\/vc_raw_html][\/vc_column][\/vc_row]<\/p>\n","protected":false},"excerpt":{"rendered":"<p>[vc_row full_width=&#8221;stretch_row_content&#8221; css=&#8221;.vc_custom_1505227480943{margin-bottom: 0px !important;padding-top: 70px !important;background-image: url(https:\/\/firestarter-studios.com\/wp-content\/uploads\/2016\/03\/contact-form-bg_updated_newer.jpg?id=30185) !important;background-position: center !important;background-repeat: no-repeat !important;background-size: cover !important;}&#8221;][vc_column el_class=&#8221;.wpb_widgetised_column .line-2&#8243; css=&#8221;.vc_custom_1458295477548{padding-left: 60px !important;}&#8221;][vc_column_text css_animation=&#8221;fadeInLeft&#8221;] los Angeles [\/vc_column_text][vc_row_inner css=&#8221;.vc_custom_1503926225282{margin-top: 0px !important;margin-right: 0px !important;margin-bottom: 0px !important;margin-left: -20px !important;padding-top: 0px !important;padding-right: 0px !important;padding-bottom: 0px !important;padding-left: 0px !important;}&#8221;][vc_column_inner width=&#8221;1\/3&#8243; css=&#8221;.vc_custom_1503926406055{padding-top: 20px !important;padding-right: 20px !important;padding-bottom: 20px !important;padding-left: 20px !important;background-color: rgba(17,17,17,0.65) !important;*background-color: rgb(17,17,17) !important;}&#8221;][vc_column_text css_animation=&#8221;fadeInLeft&#8221;] Tel\u00e9fono: Correo electr\u00f3nico: hello@firestarter-studios.com&#8230;<\/p>\n","protected":false},"author":2,"featured_media":0,"parent":0,"menu_order":0,"comment_status":"closed","ping_status":"closed","template":"","meta":{"footnotes":""},"class_list":["post-33130","page","type-page","status-publish"],"acf":[],"yoast_head":"<!-- This site is optimized with the Yoast SEO plugin v18.5 - https:\/\/yoast.com\/wordpress\/plugins\/seo\/ -->\n<title>Contact Fire Starter Studios for Video Production<\/title>\n<meta name=\"description\" content=\"Comun\u00edquese con Fire Starter Studios para obtener m\u00e1s informaci\u00f3n sobre nuestras soluciones creativas de entretenimiento y narraci\u00f3n de marca nominadas en dos ocasiones al Emmy. 747-201-7400\" \/>\n<meta name=\"robots\" content=\"index, follow, max-snippet:-1, max-image-preview:large, max-video-preview:-1\" \/>\n<link rel=\"canonical\" href=\"https:\/\/firestarter-studios.com\/es\/contacto-2\/\" \/>\n<meta property=\"og:locale\" content=\"es_ES\" \/>\n<meta property=\"og:type\" content=\"article\" \/>\n<meta property=\"og:title\" content=\"Contact Fire Starter Studios for Video Production\" \/>\n<meta property=\"og:description\" content=\"Comun\u00edquese con Fire Starter Studios para obtener m\u00e1s informaci\u00f3n sobre nuestras soluciones creativas de entretenimiento y narraci\u00f3n de marca nominadas en dos ocasiones al Emmy. 747-201-7400\" \/>\n<meta property=\"og:url\" content=\"https:\/\/firestarter-studios.com\/es\/contacto-2\/\" \/>\n<meta property=\"og:site_name\" content=\"Fire Starter Studios\" \/>\n<meta property=\"article:modified_time\" content=\"2022-09-30T12:38:18+00:00\" \/>\n<meta property=\"og:image\" content=\"https:\/\/firestarter-studios.com\/wp-content\/uploads\/2020\/03\/phone.png\" \/>\n<meta name=\"twitter:card\" content=\"summary\" \/>\n<meta name=\"twitter:label1\" content=\"Tiempo de lectura\" \/>\n\t<meta name=\"twitter:data1\" content=\"6 minutos\" \/>\n<!-- \/ Yoast SEO plugin. -->","yoast_head_json":{"title":"Contact Fire Starter Studios for Video Production","description":"Comun\u00edquese con Fire Starter Studios para obtener m\u00e1s informaci\u00f3n sobre nuestras soluciones creativas de entretenimiento y narraci\u00f3n de marca nominadas en dos ocasiones al Emmy. 747-201-7400","robots":{"index":"index","follow":"follow","max-snippet":"max-snippet:-1","max-image-preview":"max-image-preview:large","max-video-preview":"max-video-preview:-1"},"canonical":"https:\/\/firestarter-studios.com\/es\/contacto-2\/","og_locale":"es_ES","og_type":"article","og_title":"Contact Fire Starter Studios for Video Production","og_description":"Comun\u00edquese con Fire Starter Studios para obtener m\u00e1s informaci\u00f3n sobre nuestras soluciones creativas de entretenimiento y narraci\u00f3n de marca nominadas en dos ocasiones al Emmy. 747-201-7400","og_url":"https:\/\/firestarter-studios.com\/es\/contacto-2\/","og_site_name":"Fire Starter Studios","article_modified_time":"2022-09-30T12:38:18+00:00","og_image":[{"url":"https:\/\/firestarter-studios.com\/wp-content\/uploads\/2020\/03\/phone.png"}],"twitter_card":"summary","twitter_misc":{"Tiempo de lectura":"6 minutos"},"schema":{"@context":"https:\/\/schema.org","@graph":[{"@type":"Organization","@id":"https:\/\/firestarter-studios.com\/#organization","name":"Fire Starter Studios","url":"https:\/\/firestarter-studios.com\/","sameAs":[],"logo":{"@type":"ImageObject","@id":"https:\/\/firestarter-studios.com\/#logo","inLanguage":"es","url":"https:\/\/firestarter-studios.com\/wp-content\/uploads\/2021\/12\/fire-starter-studios-logo.png","contentUrl":"https:\/\/firestarter-studios.com\/wp-content\/uploads\/2021\/12\/fire-starter-studios-logo.png","width":264,"height":62,"caption":"Fire Starter Studios"},"image":{"@id":"https:\/\/firestarter-studios.com\/#logo"}},{"@type":"WebSite","@id":"https:\/\/firestarter-studios.com\/#website","url":"https:\/\/firestarter-studios.com\/","name":"Fire Starter Studios","description":"Creative Storytelling for Entertainment, Brands, and Businesses","publisher":{"@id":"https:\/\/firestarter-studios.com\/#organization"},"potentialAction":[{"@type":"SearchAction","target":{"@type":"EntryPoint","urlTemplate":"https:\/\/firestarter-studios.com\/?s={search_term_string}"},"query-input":"required name=search_term_string"}],"inLanguage":"es"},{"@type":"ImageObject","@id":"https:\/\/firestarter-studios.com\/es\/contacto-2\/#primaryimage","inLanguage":"es","url":"https:\/\/firestarter-studios.com\/wp-content\/uploads\/2020\/03\/phone.png","contentUrl":"https:\/\/firestarter-studios.com\/wp-content\/uploads\/2020\/03\/phone.png","width":138,"height":14},{"@type":"WebPage","@id":"https:\/\/firestarter-studios.com\/es\/contacto-2\/#webpage","url":"https:\/\/firestarter-studios.com\/es\/contacto-2\/","name":"Contact Fire Starter Studios for Video Production","isPartOf":{"@id":"https:\/\/firestarter-studios.com\/#website"},"primaryImageOfPage":{"@id":"https:\/\/firestarter-studios.com\/es\/contacto-2\/#primaryimage"},"datePublished":"2022-01-04T11:49:33+00:00","dateModified":"2022-09-30T12:38:18+00:00","description":"Comun\u00edquese con Fire Starter Studios para obtener m\u00e1s informaci\u00f3n sobre nuestras soluciones creativas de entretenimiento y narraci\u00f3n de marca nominadas en dos ocasiones al Emmy. 747-201-7400","breadcrumb":{"@id":"https:\/\/firestarter-studios.com\/es\/contacto-2\/#breadcrumb"},"inLanguage":"es","potentialAction":[{"@type":"ReadAction","target":["https:\/\/firestarter-studios.com\/es\/contacto-2\/"]}]},{"@type":"BreadcrumbList","@id":"https:\/\/firestarter-studios.com\/es\/contacto-2\/#breadcrumb","itemListElement":[{"@type":"ListItem","position":1,"name":"Home","item":"https:\/\/firestarter-studios.com\/es\/"},{"@type":"ListItem","position":2,"name":"CONTACTO"}]}]}},"_links":{"self":[{"href":"https:\/\/firestarter-studios.com\/es\/wp-json\/wp\/v2\/pages\/33130","targetHints":{"allow":["GET"]}}],"collection":[{"href":"https:\/\/firestarter-studios.com\/es\/wp-json\/wp\/v2\/pages"}],"about":[{"href":"https:\/\/firestarter-studios.com\/es\/wp-json\/wp\/v2\/types\/page"}],"author":[{"embeddable":true,"href":"https:\/\/firestarter-studios.com\/es\/wp-json\/wp\/v2\/users\/2"}],"replies":[{"embeddable":true,"href":"https:\/\/firestarter-studios.com\/es\/wp-json\/wp\/v2\/comments?post=33130"}],"version-history":[{"count":2,"href":"https:\/\/firestarter-studios.com\/es\/wp-json\/wp\/v2\/pages\/33130\/revisions"}],"predecessor-version":[{"id":33681,"href":"https:\/\/firestarter-studios.com\/es\/wp-json\/wp\/v2\/pages\/33130\/revisions\/33681"}],"wp:attachment":[{"href":"https:\/\/firestarter-studios.com\/es\/wp-json\/wp\/v2\/media?parent=33130"}],"curies":[{"name":"wp","href":"https:\/\/api.w.org\/{rel}","templated":true}]}}