{"id":33135,"date":"2022-01-04T11:50:32","date_gmt":"2022-01-04T11:50:32","guid":{"rendered":"https:\/\/firestarter-studios.com\/terminos-y-condiciones\/"},"modified":"2022-09-29T12:27:57","modified_gmt":"2022-09-29T12:27:57","slug":"terminos-y-condiciones","status":"publish","type":"page","link":"https:\/\/firestarter-studios.com\/es\/terminos-y-condiciones\/","title":{"rendered":"T\u00e9rminos y condiciones"},"content":{"rendered":"<p>[vc_row full_width=&#8221;stretch_row&#8221; css=&#8221;.vc_custom_1504937853485{margin-top: 0px !important;margin-bottom: 0px !important;padding-top: 160px !important;padding-bottom: 70px !important;background-color: #222222 !important;}&#8221;][vc_column css=&#8221;.vc_custom_1501629540649{margin-top: 0px !important;margin-bottom: 0px !important;padding-top: 0px !important;padding-bottom: 0px !important;}&#8221;][vc_column_text]<\/p>\n<div class=\"title-h1 white\" style=\"text-align: center;\">\n<h1 class=\"light\" style=\"text-align: center;\">T\u00e9rminos y condiciones<\/h1>\n<\/div>\n<p>[\/vc_column_text][vc_row_inner][vc_column_inner width=&#8221;1\/6&#8243;][\/vc_column_inner][vc_column_inner width=&#8221;2\/3&#8243;][vc_column_text]<\/p>\n<p style=\"text-align: center;\"><span style=\"text-align: center;\">Al hacer un video, la mayor\u00eda de las personas solo piensan en la visi\u00f3n, pero el actor de voz que elija puede tener un impacto enorme en la entrega de su mensaje. En Fire Starter Studios, estamos orgullosos de haber asegurado los servicios de algunos de los mejores actores de voz del mundo: un grupo de talentos sin igual en el negocio de los videos explicativos. Estas son solo algunas de las compa\u00f1\u00edas para las que han le\u00eddo.<\/span><\/p>\n<p>[\/vc_column_text][\/vc_column_inner][vc_column_inner width=&#8221;1\/6&#8243;][\/vc_column_inner][\/vc_row_inner][\/vc_column][\/vc_row][vc_row css=&#8221;.vc_custom_1501629612815{margin-top: 0px !important;margin-right: 0px !important;margin-bottom: 0px !important;margin-left: 0px !important;padding-top: 0px !important;padding-right: 0px !important;padding-bottom: 0px !important;padding-left: 0px !important;}&#8221;][vc_column css=&#8221;.vc_custom_1500963831822{margin-top: 0px !important;margin-right: 0px !important;margin-bottom: 0px !important;margin-left: 0px !important;padding-top: 0px !important;padding-right: 0px !important;padding-bottom: 0px !important;padding-left: 0px !important;}&#8221;][\/vc_column][\/vc_row][vc_row full_width=&#8221;stretch_row&#8221; css=&#8221;.vc_custom_1504937863272{margin-top: 0px !important;margin-bottom: 0px !important;padding-top: 60px !important;padding-bottom: 60px !important;background-color: #111111 !important;}&#8221;][vc_column width=&#8221;1\/6&#8243;][\/vc_column][vc_column width=&#8221;2\/3&#8243;][vc_column_text]<\/p>\n<div class=\"title-h5 title-h4\" style=\"text-align: center;\"><span class=\"light white\">Intercambios<\/span><\/div>\n<p style=\"text-align: center;\">Como producimos un producto digital, no ofrecemos intercambios de productos de ning\u00fan tipo.<\/p>\n<p>[\/vc_column_text][vc_empty_space][vc_column_text]<\/p>\n<div class=\"title-h5 title-h4\" style=\"text-align: center;\"><span class=\"light white\">Reembolsos<\/span><\/div>\n<p style=\"text-align: center;\">No comenzamos ning\u00fan trabajo en video sin recibir un dep\u00f3sito del 50% en una factura emitida. Se permiten reembolsos dentro de los primeros 14 d\u00edas despu\u00e9s de firmar su contrato. Una vez que ha comenzado el trabajo, no hay reembolsos.<\/p>\n<p>[\/vc_column_text][vc_empty_space][vc_column_text]<\/p>\n<div class=\"title-h5 title-h4\" style=\"text-align: center;\"><span class=\"light white\">Cancelaci\u00f3n<\/span><\/div>\n<p style=\"text-align: center;\">Si un cliente desea cancelar una orden de trabajo en cualquier momento, puede hacerlo, sin embargo, se aplicar\u00e1 la pol\u00edtica de reembolso (explicada anteriormente).<\/p>\n<p>[\/vc_column_text][vc_empty_space][vc_column_text]<\/p>\n<div class=\"title-h5 title-h4\" style=\"text-align: center;\"><span class=\"light white\">Garant\u00edas<\/span><\/div>\n<p style=\"text-align: center;\">Todos los videos vienen con las siguientes garant\u00edas:<\/p>\n<ul style=\"text-align: center;\">\n<li>Todos los trabajos ser\u00e1n trabajos originales y no infringir\u00e1n los derechos de autor de ning\u00fan tercero.<\/li>\n<li>Todos los videos terminados se entregar\u00e1n en formato HD, SD, WMV y MP4.<\/li>\n<li>Todos los archivos estar\u00e1n libres de da\u00f1os en los datos y ser\u00e1n aptos para subirlos a YouTube o cualquier otro canal de alojamiento de videos.<\/li>\n<li>Todos los trabajos ser\u00e1n \u201ctrabajos por encargo\u201d, lo que significa que el cliente ser\u00e1 el propietario del video en su totalidad, libre de cualquier tarifa de licencia en curso u obligaciones de derechos de autor con Fire Starter Studios o entidades asociadas.<\/li>\n<\/ul>\n<p>[\/vc_column_text][\/vc_column][vc_column width=&#8221;1\/6&#8243;][\/vc_column][\/vc_row][vc_row css=&#8221;.vc_custom_1500963848742{margin-top: 0px !important;margin-right: 0px !important;margin-bottom: 0px !important;margin-left: 0px !important;padding-top: 0px !important;padding-right: 0px !important;padding-bottom: 0px !important;padding-left: 0px !important;}&#8221;][vc_column css=&#8221;.vc_custom_1500963831822{margin-top: 0px !important;margin-right: 0px !important;margin-bottom: 0px !important;margin-left: 0px !important;padding-top: 0px !important;padding-right: 0px !important;padding-bottom: 0px !important;padding-left: 0px !important;}&#8221;][\/vc_column][\/vc_row]<\/p>\n","protected":false},"excerpt":{"rendered":"","protected":false},"author":1,"featured_media":0,"parent":0,"menu_order":0,"comment_status":"closed","ping_status":"closed","template":"","meta":{"footnotes":""},"class_list":["post-33135","page","type-page","status-publish"],"acf":[],"yoast_head":"<!-- This site is optimized with the Yoast SEO plugin v18.5 - https:\/\/yoast.com\/wordpress\/plugins\/seo\/ -->\n<title>T\u00e9rminos y condiciones - Fire Starter Studios<\/title>\n<meta name=\"description\" content=\"T\u00e9rminos y condiciones . Discover this and more from Fire Starter Studios - video production company.\" \/>\n<meta name=\"robots\" content=\"index, follow, max-snippet:-1, max-image-preview:large, max-video-preview:-1\" \/>\n<link rel=\"canonical\" href=\"https:\/\/firestarter-studios.com\/es\/terminos-y-condiciones\/\" \/>\n<meta property=\"og:locale\" content=\"es_ES\" \/>\n<meta property=\"og:type\" content=\"article\" \/>\n<meta property=\"og:title\" content=\"T\u00e9rminos y condiciones - Fire Starter Studios\" \/>\n<meta property=\"og:description\" content=\"T\u00e9rminos y condiciones . Discover this and more from Fire Starter Studios - video production company.\" \/>\n<meta property=\"og:url\" content=\"https:\/\/firestarter-studios.com\/es\/terminos-y-condiciones\/\" \/>\n<meta property=\"og:site_name\" content=\"Fire Starter Studios\" \/>\n<meta property=\"article:modified_time\" content=\"2022-09-29T12:27:57+00:00\" \/>\n<meta name=\"twitter:card\" content=\"summary\" \/>\n<meta name=\"twitter:label1\" content=\"Tiempo de lectura\" \/>\n\t<meta name=\"twitter:data1\" content=\"2 minutos\" \/>\n<!-- \/ Yoast SEO plugin. -->","yoast_head_json":{"title":"T\u00e9rminos y condiciones - Fire Starter Studios","description":"T\u00e9rminos y condiciones . Discover this and more from Fire Starter Studios - video production company.","robots":{"index":"index","follow":"follow","max-snippet":"max-snippet:-1","max-image-preview":"max-image-preview:large","max-video-preview":"max-video-preview:-1"},"canonical":"https:\/\/firestarter-studios.com\/es\/terminos-y-condiciones\/","og_locale":"es_ES","og_type":"article","og_title":"T\u00e9rminos y condiciones - Fire Starter Studios","og_description":"T\u00e9rminos y condiciones . Discover this and more from Fire Starter Studios - video production company.","og_url":"https:\/\/firestarter-studios.com\/es\/terminos-y-condiciones\/","og_site_name":"Fire Starter Studios","article_modified_time":"2022-09-29T12:27:57+00:00","twitter_card":"summary","twitter_misc":{"Tiempo de lectura":"2 minutos"},"schema":{"@context":"https:\/\/schema.org","@graph":[{"@type":"Organization","@id":"https:\/\/firestarter-studios.com\/#organization","name":"Fire Starter Studios","url":"https:\/\/firestarter-studios.com\/","sameAs":[],"logo":{"@type":"ImageObject","@id":"https:\/\/firestarter-studios.com\/#logo","inLanguage":"es","url":"https:\/\/firestarter-studios.com\/wp-content\/uploads\/2021\/12\/fire-starter-studios-logo.png","contentUrl":"https:\/\/firestarter-studios.com\/wp-content\/uploads\/2021\/12\/fire-starter-studios-logo.png","width":264,"height":62,"caption":"Fire Starter Studios"},"image":{"@id":"https:\/\/firestarter-studios.com\/#logo"}},{"@type":"WebSite","@id":"https:\/\/firestarter-studios.com\/#website","url":"https:\/\/firestarter-studios.com\/","name":"Fire Starter Studios","description":"Creative Storytelling for Entertainment, Brands, and Businesses","publisher":{"@id":"https:\/\/firestarter-studios.com\/#organization"},"potentialAction":[{"@type":"SearchAction","target":{"@type":"EntryPoint","urlTemplate":"https:\/\/firestarter-studios.com\/?s={search_term_string}"},"query-input":"required name=search_term_string"}],"inLanguage":"es"},{"@type":"WebPage","@id":"https:\/\/firestarter-studios.com\/es\/terminos-y-condiciones\/#webpage","url":"https:\/\/firestarter-studios.com\/es\/terminos-y-condiciones\/","name":"T\u00e9rminos y condiciones - Fire Starter Studios","isPartOf":{"@id":"https:\/\/firestarter-studios.com\/#website"},"datePublished":"2022-01-04T11:50:32+00:00","dateModified":"2022-09-29T12:27:57+00:00","description":"T\u00e9rminos y condiciones . Discover this and more from Fire Starter Studios - video production company.","breadcrumb":{"@id":"https:\/\/firestarter-studios.com\/es\/terminos-y-condiciones\/#breadcrumb"},"inLanguage":"es","potentialAction":[{"@type":"ReadAction","target":["https:\/\/firestarter-studios.com\/es\/terminos-y-condiciones\/"]}]},{"@type":"BreadcrumbList","@id":"https:\/\/firestarter-studios.com\/es\/terminos-y-condiciones\/#breadcrumb","itemListElement":[{"@type":"ListItem","position":1,"name":"Home","item":"https:\/\/firestarter-studios.com\/es\/"},{"@type":"ListItem","position":2,"name":"T\u00e9rminos y condiciones"}]}]}},"_links":{"self":[{"href":"https:\/\/firestarter-studios.com\/es\/wp-json\/wp\/v2\/pages\/33135","targetHints":{"allow":["GET"]}}],"collection":[{"href":"https:\/\/firestarter-studios.com\/es\/wp-json\/wp\/v2\/pages"}],"about":[{"href":"https:\/\/firestarter-studios.com\/es\/wp-json\/wp\/v2\/types\/page"}],"author":[{"embeddable":true,"href":"https:\/\/firestarter-studios.com\/es\/wp-json\/wp\/v2\/users\/1"}],"replies":[{"embeddable":true,"href":"https:\/\/firestarter-studios.com\/es\/wp-json\/wp\/v2\/comments?post=33135"}],"version-history":[{"count":2,"href":"https:\/\/firestarter-studios.com\/es\/wp-json\/wp\/v2\/pages\/33135\/revisions"}],"predecessor-version":[{"id":33672,"href":"https:\/\/firestarter-studios.com\/es\/wp-json\/wp\/v2\/pages\/33135\/revisions\/33672"}],"wp:attachment":[{"href":"https:\/\/firestarter-studios.com\/es\/wp-json\/wp\/v2\/media?parent=33135"}],"curies":[{"name":"wp","href":"https:\/\/api.w.org\/{rel}","templated":true}]}}