{"id":33136,"date":"2022-01-04T11:50:57","date_gmt":"2022-01-04T11:50:57","guid":{"rendered":"https:\/\/firestarter-studios.com\/politica-de-privacidad\/"},"modified":"2022-09-29T12:26:18","modified_gmt":"2022-09-29T12:26:18","slug":"politica-de-privacidad","status":"publish","type":"page","link":"https:\/\/firestarter-studios.com\/es\/politica-de-privacidad\/","title":{"rendered":"Pol\u00edtica de privacidad"},"content":{"rendered":"<p>[vc_row full_width=&#8221;stretch_row&#8221; css=&#8221;.vc_custom_1504937430105{margin-top: 0px !important;margin-bottom: 0px !important;padding-top: 160px !important;padding-bottom: 70px !important;background-color: #222222 !important;}&#8221;][vc_column css=&#8221;.vc_custom_1501629540649{margin-top: 0px !important;margin-bottom: 0px !important;padding-top: 0px !important;padding-bottom: 0px !important;}&#8221;][vc_column_text]<\/p>\n<div class=\"title-h1 white\" style=\"text-align: center;\">\n<h1 class=\"light\" style=\"text-align: center;\">Pol\u00edtica de privacidad<\/h1>\n<\/div>\n<p>[\/vc_column_text][vc_row_inner][vc_column_inner width=&#8221;1\/6&#8243;][\/vc_column_inner][vc_column_inner width=&#8221;2\/3&#8243;][vc_column_text]<\/p>\n<p style=\"text-align: center;\">En esta Pol\u00edtica de Privacidad, \u201cnosotros\u201d y \u201cnuestro\u201d se refiere a <a href=\"https:\/\/www.firestarter-studios.com\/\"><u>www.firestarter-studios.com<\/u><\/a>\u00a0y sus \u00f3rganos corporativos relacionados y asociados. Esta Declaraci\u00f3n de Privacidad describe c\u00f3mo gestionamos y manejamos la informaci\u00f3n personal provista por usted, a trav\u00e9s de nuestro sitio web, <a href=\"https:\/\/www.firestarter-studios.com\/\"><u>www.firestarter-studios.com<\/u><\/a>. Mediante el uso de nuestro sitio web, usted acepta esta Declaraci\u00f3n de Privacidad y da su consentimiento expreso para que recopilemos, usemos y divulguemos su informaci\u00f3n personal. Esta Declaraci\u00f3n de Privacidad incorpora los Principios Nacionales de Privacidad (NPP, por sus siglas en ingl\u00e9s) contenidos en la Ley de Privacidad de 1988 (Cth) (Ley de Privacidad ), y reconocemos que estamos obligados a cumplir con estas leyes.<\/p>\n<p>[\/vc_column_text][\/vc_column_inner][vc_column_inner width=&#8221;1\/6&#8243;][\/vc_column_inner][\/vc_row_inner][\/vc_column][\/vc_row][vc_row css=&#8221;.vc_custom_1501629612815{margin-top: 0px !important;margin-right: 0px !important;margin-bottom: 0px !important;margin-left: 0px !important;padding-top: 0px !important;padding-right: 0px !important;padding-bottom: 0px !important;padding-left: 0px !important;}&#8221;][vc_column css=&#8221;.vc_custom_1500963831822{margin-top: 0px !important;margin-right: 0px !important;margin-bottom: 0px !important;margin-left: 0px !important;padding-top: 0px !important;padding-right: 0px !important;padding-bottom: 0px !important;padding-left: 0px !important;}&#8221;][\/vc_column][\/vc_row][vc_row full_width=&#8221;stretch_row&#8221; css=&#8221;.vc_custom_1504937439233{margin-top: 0px !important;margin-bottom: 0px !important;padding-top: 60px !important;padding-bottom: 60px !important;background-color: #111111 !important;}&#8221;][vc_column width=&#8221;1\/6&#8243;][\/vc_column][vc_column width=&#8221;2\/3&#8243;][vc_column_text]<\/p>\n<div class=\"title-h5 title-h4\" style=\"text-align: center;\"><span class=\"light white\">\u00bfQu\u00e9 informaci\u00f3n recopilamos?<\/span><\/div>\n<p style=\"text-align: center;\"><span class=\"\">La informaci\u00f3n personal es informaci\u00f3n o una opini\u00f3n relacionada con una persona que se puede utilizar para identificar a esa persona. Solo recopilaremos su informaci\u00f3n personal de acuerdo con los NPP por medios legales y justos sin intrusiones irrazonables, y solo cuando sea necesario para las actividades relacionadas con la prestaci\u00f3n de nuestros servicios. Podemos recopilar y almacenar informaci\u00f3n ingresada por usted o importada seg\u00fan sus instrucciones en nuestro software de informaci\u00f3n financiera. Esta informaci\u00f3n es necesaria para que podamos brindarle nuestros servicios. Siempre que sea legal y posible, tiene la opci\u00f3n de no identificarse al realizar transacciones con nosotros. Sin embargo, esto puede afectar nuestra capacidad para brindarle nuestros servicios. Cuando visita nuestro sitio web, podemos recopilar autom\u00e1ticamente informaci\u00f3n sobre usted, incluidos detalles de acceso, direcciones IP, estad\u00edsticas web y otra informaci\u00f3n necesaria para garantizar que el sitio funcione correctamente.<\/span><\/p>\n<p>[\/vc_column_text][vc_empty_space][vc_column_text]<\/p>\n<div class=\"title-h5 title-h4\" style=\"text-align: center;\"><span class=\"light white\">\u00bfUsamos cookies?<\/span><\/div>\n<p style=\"text-align: center;\"><span class=\"\">Las cookies son peque\u00f1os archivos que un sitio o su proveedor de servicio transfieren al disco duro de su computadora a trav\u00e9s de su navegador web, lo que permite que nuestro sitio reconozca su navegador y recuerde cierta informaci\u00f3n. Usamos cookies para realizar un seguimiento de los anuncios y recopilar datos agregados sobre el tr\u00e1fico del sitio y la interacci\u00f3n del sitio para que podamos ofrecer mejores experiencias y herramientas del sitio en el futuro. Deber\u00eda poder configurar su computadora para que desactive las cookies o no las acepte. Por ejemplo, algunos proveedores externos, incluido Google, utilizan cookies para ofrecer anuncios basados \u200b\u200ben sus visitas anteriores a su sitio web. Tiene la opci\u00f3n de excluirse del uso de cookies por parte de Google visitando la p\u00e1gina de exclusi\u00f3n de publicidad de Google en www.google.com\/privacy_ads.html.<\/span><\/p>\n<p>[\/vc_column_text][vc_empty_space][vc_column_text]<\/p>\n<div class=\"title-h5 title-h4\" style=\"text-align: center;\"><span class=\"light white\">Uso y divulgaci\u00f3n<\/span><\/div>\n<p style=\"text-align: center;\"><span class=\"\">Solo usaremos y divulgaremos su informaci\u00f3n personal para el prop\u00f3sito principal para el que fue recopilada y para fines secundarios razonablemente esperados (relacionados con el prop\u00f3sito principal).<\/span><\/p>\n<p>[\/vc_column_text][\/vc_column][vc_column width=&#8221;1\/6&#8243;][\/vc_column][\/vc_row][vc_row css=&#8221;.vc_custom_1500963848742{margin-top: 0px !important;margin-right: 0px !important;margin-bottom: 0px !important;margin-left: 0px !important;padding-top: 0px !important;padding-right: 0px !important;padding-bottom: 0px !important;padding-left: 0px !important;}&#8221;][vc_column css=&#8221;.vc_custom_1500963831822{margin-top: 0px !important;margin-right: 0px !important;margin-bottom: 0px !important;margin-left: 0px !important;padding-top: 0px !important;padding-right: 0px !important;padding-bottom: 0px !important;padding-left: 0px !important;}&#8221;][\/vc_column][\/vc_row]<\/p>\n","protected":false},"excerpt":{"rendered":"","protected":false},"author":1,"featured_media":0,"parent":0,"menu_order":0,"comment_status":"closed","ping_status":"closed","template":"","meta":{"footnotes":""},"class_list":["post-33136","page","type-page","status-publish"],"acf":[],"yoast_head":"<!-- This site is optimized with the Yoast SEO plugin v18.5 - https:\/\/yoast.com\/wordpress\/plugins\/seo\/ -->\n<title>Pol\u00edtica de privacidad - Fire Starter Studios<\/title>\n<meta name=\"description\" content=\"Pol\u00edtica de privacidad . Discover this and more from Fire Starter Studios - video production company.\" \/>\n<meta name=\"robots\" content=\"index, follow, max-snippet:-1, max-image-preview:large, max-video-preview:-1\" \/>\n<link rel=\"canonical\" href=\"https:\/\/firestarter-studios.com\/es\/politica-de-privacidad\/\" \/>\n<meta property=\"og:locale\" content=\"es_ES\" \/>\n<meta property=\"og:type\" content=\"article\" \/>\n<meta property=\"og:title\" content=\"Pol\u00edtica de privacidad - Fire Starter Studios\" \/>\n<meta property=\"og:description\" content=\"Pol\u00edtica de privacidad . Discover this and more from Fire Starter Studios - video production company.\" \/>\n<meta property=\"og:url\" content=\"https:\/\/firestarter-studios.com\/es\/politica-de-privacidad\/\" \/>\n<meta property=\"og:site_name\" content=\"Fire Starter Studios\" \/>\n<meta property=\"article:modified_time\" content=\"2022-09-29T12:26:18+00:00\" \/>\n<meta name=\"twitter:card\" content=\"summary\" \/>\n<meta name=\"twitter:label1\" content=\"Tiempo de lectura\" \/>\n\t<meta name=\"twitter:data1\" content=\"3 minutos\" \/>\n<!-- \/ Yoast SEO plugin. -->","yoast_head_json":{"title":"Pol\u00edtica de privacidad - Fire Starter Studios","description":"Pol\u00edtica de privacidad . Discover this and more from Fire Starter Studios - video production company.","robots":{"index":"index","follow":"follow","max-snippet":"max-snippet:-1","max-image-preview":"max-image-preview:large","max-video-preview":"max-video-preview:-1"},"canonical":"https:\/\/firestarter-studios.com\/es\/politica-de-privacidad\/","og_locale":"es_ES","og_type":"article","og_title":"Pol\u00edtica de privacidad - Fire Starter Studios","og_description":"Pol\u00edtica de privacidad . Discover this and more from Fire Starter Studios - video production company.","og_url":"https:\/\/firestarter-studios.com\/es\/politica-de-privacidad\/","og_site_name":"Fire Starter Studios","article_modified_time":"2022-09-29T12:26:18+00:00","twitter_card":"summary","twitter_misc":{"Tiempo de lectura":"3 minutos"},"schema":{"@context":"https:\/\/schema.org","@graph":[{"@type":"Organization","@id":"https:\/\/firestarter-studios.com\/#organization","name":"Fire Starter Studios","url":"https:\/\/firestarter-studios.com\/","sameAs":[],"logo":{"@type":"ImageObject","@id":"https:\/\/firestarter-studios.com\/#logo","inLanguage":"es","url":"https:\/\/firestarter-studios.com\/wp-content\/uploads\/2021\/12\/fire-starter-studios-logo.png","contentUrl":"https:\/\/firestarter-studios.com\/wp-content\/uploads\/2021\/12\/fire-starter-studios-logo.png","width":264,"height":62,"caption":"Fire Starter Studios"},"image":{"@id":"https:\/\/firestarter-studios.com\/#logo"}},{"@type":"WebSite","@id":"https:\/\/firestarter-studios.com\/#website","url":"https:\/\/firestarter-studios.com\/","name":"Fire Starter Studios","description":"Creative Storytelling for Entertainment, Brands, and Businesses","publisher":{"@id":"https:\/\/firestarter-studios.com\/#organization"},"potentialAction":[{"@type":"SearchAction","target":{"@type":"EntryPoint","urlTemplate":"https:\/\/firestarter-studios.com\/?s={search_term_string}"},"query-input":"required name=search_term_string"}],"inLanguage":"es"},{"@type":"WebPage","@id":"https:\/\/firestarter-studios.com\/es\/politica-de-privacidad\/#webpage","url":"https:\/\/firestarter-studios.com\/es\/politica-de-privacidad\/","name":"Pol\u00edtica de privacidad - Fire Starter Studios","isPartOf":{"@id":"https:\/\/firestarter-studios.com\/#website"},"datePublished":"2022-01-04T11:50:57+00:00","dateModified":"2022-09-29T12:26:18+00:00","description":"Pol\u00edtica de privacidad . Discover this and more from Fire Starter Studios - video production company.","breadcrumb":{"@id":"https:\/\/firestarter-studios.com\/es\/politica-de-privacidad\/#breadcrumb"},"inLanguage":"es","potentialAction":[{"@type":"ReadAction","target":["https:\/\/firestarter-studios.com\/es\/politica-de-privacidad\/"]}]},{"@type":"BreadcrumbList","@id":"https:\/\/firestarter-studios.com\/es\/politica-de-privacidad\/#breadcrumb","itemListElement":[{"@type":"ListItem","position":1,"name":"Home","item":"https:\/\/firestarter-studios.com\/es\/"},{"@type":"ListItem","position":2,"name":"Pol\u00edtica de privacidad"}]}]}},"_links":{"self":[{"href":"https:\/\/firestarter-studios.com\/es\/wp-json\/wp\/v2\/pages\/33136","targetHints":{"allow":["GET"]}}],"collection":[{"href":"https:\/\/firestarter-studios.com\/es\/wp-json\/wp\/v2\/pages"}],"about":[{"href":"https:\/\/firestarter-studios.com\/es\/wp-json\/wp\/v2\/types\/page"}],"author":[{"embeddable":true,"href":"https:\/\/firestarter-studios.com\/es\/wp-json\/wp\/v2\/users\/1"}],"replies":[{"embeddable":true,"href":"https:\/\/firestarter-studios.com\/es\/wp-json\/wp\/v2\/comments?post=33136"}],"version-history":[{"count":2,"href":"https:\/\/firestarter-studios.com\/es\/wp-json\/wp\/v2\/pages\/33136\/revisions"}],"predecessor-version":[{"id":33671,"href":"https:\/\/firestarter-studios.com\/es\/wp-json\/wp\/v2\/pages\/33136\/revisions\/33671"}],"wp:attachment":[{"href":"https:\/\/firestarter-studios.com\/es\/wp-json\/wp\/v2\/media?parent=33136"}],"curies":[{"name":"wp","href":"https:\/\/api.w.org\/{rel}","templated":true}]}}