{"id":33157,"date":"2022-01-06T12:21:49","date_gmt":"2022-01-06T12:21:49","guid":{"rendered":"https:\/\/firestarter-studios.com\/estudio-de-caso-nea\/"},"modified":"2022-09-29T12:23:45","modified_gmt":"2022-09-29T12:23:45","slug":"estudio-de-caso-nea","status":"publish","type":"page","link":"https:\/\/firestarter-studios.com\/es\/estudio-de-caso-nea\/","title":{"rendered":"Estudio de caso: NEA"},"content":{"rendered":"<p>[vc_row full_width=&#8221;stretch_row&#8221; full_height=&#8221;yes&#8221; content_placement=&#8221;middle&#8221; parallax=&#8221;content-moving&#8221; css=&#8221;.vc_custom_1503921425908{margin-top: 0px !important;margin-bottom: 0px !important;padding-top: 0px !important;padding-bottom: 0px !important;background-position: center;background-repeat: no-repeat;background-size: cover !important;}&#8221;][vc_column css=&#8221;.vc_custom_1503921413833{margin-top: 0px !important;margin-bottom: 0px !important;padding-top: 0px !important;padding-bottom: 0px !important;}&#8221;]<div id=\"fullwidth-block-69edac6568ec6\" class=\"fullwidth-block fullwidth-block-parallax-fixed clearfix\" data-mobile-parallax-enable=\"0\" style=\"padding-top: 130px;padding-bottom: 70px;padding-left: 30px;padding-right: 30px;height: 100vh\"><script type=\"text\/javascript\">if (typeof(gem_fix_fullwidth_position) == \"function\") { gem_fix_fullwidth_position(document.getElementById(\"fullwidth-block-69edac6568ec6\")); }<\/script><div class=\"fullwidth-block-background\" style=\"background-image: url(https:\/\/firestarter-studios.com\/wp-content\/uploads\/2016\/03\/NEA_screen.jpg);background-position: center center;\"><\/div><div class=\"fullwidth-block-parallax-overlay\" style=\"background-color: rgba(0,0,0,0.3);\"><\/div><div class=\"fullwidth-block-inner\"><div class=\"container\"><div class=\"clearboth\"><\/div><div class=\"gem-divider \" style=\"margin-top: 80px;\"><\/div>[vc_column_text]<\/p>\n<div class=\"title-h1\" style=\"text-align: center;\">\n<h1 class=\"light white\">Estudio De Caso Nea<\/h1>\n<\/div>\n<p>[\/vc_column_text][vc_column_text]<\/p>\n<div class=\"title-xlarge\" style=\"text-align: center;\"><span class=\"white\">NATIONAL ENDOWMENT FOR THE ARTS: UNITED STATES OF ARTS<\/span><\/div>\n<p>[\/vc_column_text][vc_column_text]<\/p>\n<div class=\"styled-subtitle\" style=\"text-align: center;\"><span class=\"white\">Esta aclamada serie documental de 67 partes muestra la variedad y vitalidad de las artes en los Estados Unidos y destaca el rol vital que la NEA ha desempe\u00f1ado en todos los rincones del pa\u00eds desde sus inicios hace m\u00e1s de 50 a\u00f1os.<\/span><\/div>\n<p>[\/vc_column_text]<div class=\"clearboth\"><\/div><div class=\"gem-divider \" style=\"margin-top: 45px;\"><\/div>[vc_column_text el_class=&#8221;custom_block&#8221;]<a class=\"mouse-scroll scroll-to-anchor\" href=\"#details\">rat\u00f3n<\/a>[\/vc_column_text]<div class=\"clearboth\"><\/div><div class=\"gem-divider \" style=\"margin-top: 30px;\"><\/div><\/div><\/div><\/div>[\/vc_column][\/vc_row][vc_row css=&#8221;.vc_custom_1502912860141{margin-top: 0px !important;margin-bottom: 0px !important;padding-top: 0px !important;padding-bottom: 0px !important;}&#8221;][vc_column css=&#8221;.vc_custom_1503921254954{margin-top: 0px !important;margin-bottom: 0px !important;padding-top: 0px !important;padding-bottom: 0px !important;}&#8221; offset=&#8221;vc_hidden-xs&#8221;][\/vc_column][\/vc_row][vc_row css=&#8221;.vc_custom_1502700219246{margin-top: 0px !important;margin-bottom: 0px !important;padding-top: 0px !important;padding-bottom: 0px !important;}&#8221;][vc_column css=&#8221;.vc_custom_1502700160271{margin-top: 0px !important;margin-bottom: 0px !important;padding-top: 0px !important;padding-bottom: 0px !important;}&#8221;]<div id=\"fullwidth-block-69edac656c95d\" class=\"fullwidth-block clearfix\"  style=\"padding-top: 100px;padding-bottom: 100px;\"><script type=\"text\/javascript\">if (typeof(gem_fix_fullwidth_position) == \"function\") { gem_fix_fullwidth_position(document.getElementById(\"fullwidth-block-69edac656c95d\")); }<\/script><div class=\"fullwidth-block-background\" style=\"background-image: url(https:\/\/firestarter-studios.com\/wp-content\/uploads\/2016\/03\/firestarter-home-intro-bg-dark-tweaked.jpg);background-repeat: no-repeat; background-size: cover;background-position: left center;\"><\/div><div class=\"fullwidth-block-inner\"><div class=\"container\">\r\n\t\r\n\t\t<div class=\"wpb_text_column wpb_content_element  wpb_animate_when_almost_visible wpb_&#8221;fadeInUp&#8221; &#8221;fadeInUp&#8221; thegem-vc-text thegem-custom-69edac656cd734872\"  >\r\n\t\t\t<div class=\"wpb_wrapper\">\r\n\t\t\t\t<div class=\"title-h2 white\" style=\"text-align: center;\">Cortometraje &#8211; animaci\u00f3n con guion documental<\/div>\n\r\n\t\t\t<\/div>\r\n\t\t<\/div>\r\n\t\r\n<div class=\"clearboth\"><\/div><div class=\"gem-divider \" style=\"margin-top: 31px;\"><\/div><div class=\"vc_row wpb_row vc_inner vc_row-fluid custom-inner-column-69edac656e71d\"><div class=\"wpb_column vc_column_container vc_col-sm-2\"><div class=\"vc_column-inner thegem-custom-inner-69edac65704f8 \"><div class=\"wpb_wrapper\"><\/div><\/div><\/div><div class=\"wpb_column vc_column_container vc_col-sm-8\"><div class=\"vc_column-inner thegem-custom-inner-69edac65706bb \"><div class=\"wpb_wrapper\">\r\n\t\r\n\t\t<div class=\"wpb_text_column wpb_content_element  wpb_animate_when_almost_visible wpb_&#8221;fadeInUp&#8221; &#8221;fadeInUp&#8221; &#8221;styled-subtitle thegem-vc-text thegem-custom-69edac65709251137\"  >\r\n\t\t\t<div class=\"wpb_wrapper\">\r\n\t\t\t\t<p style=\"text-align: center;\">\u2022 2 veces nominado al premio Primetime Emmy\u00ae al mejor documental de formato corto o serie de reality<\/p>\n\r\n\t\t\t<\/div>\r\n\t\t<\/div>\r\n\t\r\n\r\n\t\r\n\t\t<div class=\"wpb_text_column wpb_content_element  wpb_animate_when_almost_visible wpb_&#8221;fadeInUp&#8221; &#8221;fadeInUp&#8221; &#8221;styled-subtitle thegem-vc-text thegem-custom-69edac6570af09247\"  >\r\n\t\t\t<div class=\"wpb_wrapper\">\r\n\t\t\t\t<p style=\"text-align: center;\">\u2022 Nominado al premio Producers Guild of America por Mejor Serie Digital<\/p>\n\r\n\t\t\t<\/div>\r\n\t\t<\/div>\r\n\t\r\n<\/div><\/div><\/div><div class=\"wpb_column vc_column_container vc_col-sm-2\"><div class=\"vc_column-inner thegem-custom-inner-69edac6570ca7 \"><div class=\"wpb_wrapper\"><\/div><\/div><\/div><\/div><div class=\"clearboth\"><\/div><div class=\"gem-divider \" style=\"margin-top: 31px;\"><\/div><div class=\"vc_row wpb_row vc_inner vc_row-fluid custom-inner-column-69edac6570e20\"><div class=\"wpb_column vc_column_container vc_col-sm-2\"><div class=\"vc_column-inner thegem-custom-inner-69edac6570fc3 \"><div class=\"wpb_wrapper\"><\/div><\/div><\/div><script type=\"text\/javascript\">(function() {\n\n    function TheGemAdvancedAnimation() {\n        this.animateClass = 'thegem-advanced-animation';\n        this.animatedClass = 'thegem-advanced-animation-animated';\n    }\n\n    TheGemAdvancedAnimation.prototype = {\n        initialize: function () {\n            let items =  document.querySelectorAll('.'+this.animateClass);\n\n            if ('IntersectionObserver' in window) {\n                let intersectionObserver = new IntersectionObserver((entries, observer)=>{\n                    entries.forEach((entry)=> {\n                        if (entry.isIntersecting) {\n                            this.startAnimation(entry.target);\n                            intersectionObserver.unobserve(entry.target);\n                        }\n                    });\n                });\n\n                items.forEach((item)=>{\n                    intersectionObserver.observe(item);\n                });\n            } else {\n                items.forEach((item)=>{\n                    this.startAnimation(item);\n                });\n            }\n        },\n\n        startAnimation: function (element) {\n            if (element.classList.contains(this.animateClass)) {\n                setTimeout(() => {\n                    element.classList.remove(this.animateClass);\n                    element.classList.add(this.animatedClass);\n                }, 300);\n            }\n        }\n    };\n\n    window.theGemAdvancedAnimation= new TheGemAdvancedAnimation();\n    document.addEventListener('DOMContentLoaded', function() {\n        window.theGemAdvancedAnimation.initialize();\n    });\n\n    if (window.parent.vc) {\n        window.parent.vc.events.on('shortcodeView:updated', function (event) {\n            let element = event.view.el.querySelector('.thegem-advanced-animation');\n            window.theGemAdvancedAnimation.startAnimation(element);\n        });\n\n        window.parent.vc.events.on('app.render', function () {\n            window.theGemAdvancedAnimation.initialize();\n        });\n    }\n})();<\/script><div class=\"wpb_column vc_column_container vc_col-sm-8\"><div class=\"vc_column-inner thegem-custom-inner-69edac6571210 \"><div class=\"wpb_wrapper\"><div class=\"gem-vimeo gem-wrapbox gem-wrapbox-style-no-style rounded-corners gem-wrapbox-position-below\" style=\"width: 100%;\"><div class=\"gem-wrapbox-inner gem-ratio-style\" style=\"padding-top: 56.25%\"><iframe webkitallowfullscreen=\"true\" mozallowfullscreen=\"true\" allowfullscreen=\"true\" class=\"gem-wrapbox-element img-responsive\" frameborder=\"0\" scrolling=\"no\" marginheight=\"0\" marginwidth=\"0\" src=\"\/\/player.vimeo.com\/video\/172521469?title=0&amp;byline=0&amp;portrait=0 \"><\/iframe><\/div><\/div><div class=\"gem-button-container gem-button-position-fullwidth thegem-button-69edac65715694803\"  ><a class=\"gem-button gem-button-size-medium gem-button-style-outline gem-button-text-weight-normal gem-button-border-2\" data-ll-effect=\"drop-right-without-wrap\" style=\"border-radius: 0px;border-color: #ffffff;color: #ffffff;\" onmouseleave=\"this.style.borderColor='#ffffff';this.style.color='#ffffff';\" onmouseenter=\"\" href=\"https:\/\/vimeo.com\/album\/4720452\" target=\"_self\">Ver serie completa<\/a><\/div> <\/div><\/div><\/div><div class=\"wpb_column vc_column_container vc_col-sm-2\"><div class=\"vc_column-inner thegem-custom-inner-69edac6571684 \"><div class=\"wpb_wrapper\"><\/div><\/div><\/div><\/div><\/div><\/div><\/div>[\/vc_column][\/vc_row][vc_row css=&#8221;.vc_custom_1502912860141{margin-top: 0px !important;margin-bottom: 0px !important;padding-top: 0px !important;padding-bottom: 0px !important;}&#8221;][vc_column css=&#8221;.vc_custom_1502912853028{margin-top: 0px !important;margin-bottom: 0px !important;padding-top: 0px !important;padding-bottom: 0px !important;}&#8221;][\/vc_column][\/vc_row][vc_row css=&#8221;.vc_custom_1502700219246{margin-top: 0px !important;margin-bottom: 0px !important;padding-top: 0px !important;padding-bottom: 0px !important;}&#8221;][vc_column css_animation=&#8221;none&#8221; css=&#8221;.vc_custom_1503921625602{margin-top: 0px !important;margin-bottom: 0px !important;padding-top: 0px !important;padding-bottom: 0px !important;}&#8221;]<div id=\"fullwidth-block-69edac6571c49\" class=\"fullwidth-block fullwidth-block-parallax-vertical clearfix\" data-mobile-parallax-enable=\"0\" style=\"padding-top: 160px;padding-bottom: 160px;\"><script type=\"text\/javascript\">if (typeof(gem_fix_fullwidth_position) == \"function\") { gem_fix_fullwidth_position(document.getElementById(\"fullwidth-block-69edac6571c49\")); }<\/script><div class=\"fullwidth-block-background\" style=\"background-image: url(https:\/\/firestarter-studios.com\/wp-content\/uploads\/2016\/03\/NEA_screen.jpg);background-repeat: no-repeat; background-size: cover;background-position: center center;\"><\/div><div class=\"fullwidth-block-parallax-overlay\" style=\"background-color: rgba(0,0,0,0.75);\"><\/div><div class=\"fullwidth-block-inner\"><div class=\"container\"><div class=\"vc_row wpb_row vc_inner vc_row-fluid custom-inner-column-69edac6571dd2\"><div class=\"wpb_column vc_column_container vc_col-sm-12\"><div class=\"vc_column-inner thegem-custom-inner-69edac6571ee8 \"><div class=\"wpb_wrapper\">\r\n\t\r\n\t\t<div class=\"wpb_text_column wpb_content_element  thegem-vc-text thegem-custom-69edac65720688087\"  >\r\n\t\t\t<div class=\"wpb_wrapper\">\r\n\t\t\t\t<div class=\"title-h3 white\">Talento:<\/div>\n\r\n\t\t\t<\/div>\r\n\t\t<\/div>\r\n\t\r\n\r\n\t\r\n\t\t<div class=\"wpb_text_column wpb_content_element  thegem-vc-text thegem-custom-69edac65721c88414\"  >\r\n\t\t\t<div class=\"wpb_wrapper\">\r\n\t\t\t\t<div class=\"styled-subtitle\">Robert Redford, Gary Sinese, Larry Wilmore, Maya Lin, Edward Villella, Terry Kinney, Jeff Perry, Tracey Letts, Shanice Williams<\/div>\n\r\n\t\t\t<\/div>\r\n\t\t<\/div>\r\n\t\r\n<\/div><\/div><\/div><\/div><div class=\"vc_row wpb_row vc_inner vc_row-fluid custom-inner-column-69edac657230c\"><div class=\"wpb_column vc_column_container vc_col-sm-12\"><div class=\"vc_column-inner thegem-custom-inner-69edac6572447 \"><div class=\"wpb_wrapper\">\r\n\t\r\n\t\t<div class=\"wpb_text_column wpb_content_element  thegem-vc-text thegem-custom-69edac657259d1671\"  >\r\n\t\t\t<div class=\"wpb_wrapper\">\r\n\t\t\t\t<div class=\"title-h3 white\">Descripci\u00f3n:<\/div>\n\r\n\t\t\t<\/div>\r\n\t\t<\/div>\r\n\t\r\n\r\n\t\r\n\t\t<div class=\"wpb_text_column wpb_content_element  thegem-vc-text thegem-custom-69edac65726cd7550\"  >\r\n\t\t\t<div class=\"wpb_wrapper\">\r\n\t\t\t\t<div class=\"styled-subtitle\">\n<p>Esta aclamada serie documental de 66 partes muestra la variedad y vitalidad de las artes en los Estados Unidos y destaca el rol vital que la NEA ha desempe\u00f1ado en todos los rincones del pa\u00eds desde sus inicios hace m\u00e1s de 50 a\u00f1os.<\/p>\n<p>Una vasta producci\u00f3n que abarca casi 2 a\u00f1os de filmaci\u00f3n en los 55 estados y territorios de los EE. UU. en m\u00e1s de 400 ubicaciones, desde el Metropolitan Museum of Art de Nueva York hasta las playas de Guam, y cont\u00f3 con Gary Sinise, Jeff Perry y Terry Kinney, fundadores de Steppenwolf Theatre Company de Chicago, Robert Redford y el Sundance Institute, el American Film Institute, el Walker Art Center de Minneapolis y el Boston Ballet.<\/p>\n<p>United States of Arts explora las muchas formas en que el arte impacta la vida de los estadounidenses, desde East St. Louis, donde los ni\u00f1os en edad escolar aprenden autodisciplina y autoestima a trav\u00e9s del baile, hasta los miembros de la Street Symphony de Los \u00c1ngeles que llevan su arte e inspiraci\u00f3n a los residentes de Skid Row, y Maya Lin, artista y dise\u00f1adora del Vietnam Veterans Memorial, la asociaci\u00f3n innovadora entre la NEA y el Departamento de Defensa que utiliza el poder del arte para ayudar a curar a los hombres y mujeres del servicio que regresan que sufren Lesi\u00f3n Cerebral Traum\u00e1tica y TEPT, hasta un maestro en los Estados Unidos.<\/p>\n<\/div>\n\r\n\t\t\t<\/div>\r\n\t\t<\/div>\r\n\t\r\n<\/div><\/div><\/div><\/div><div class=\"vc_row wpb_row vc_inner vc_row-fluid custom-inner-column-69edac6572848\"><div class=\"wpb_column vc_column_container vc_col-sm-12\"><div class=\"vc_column-inner thegem-custom-inner-69edac657296e \"><div class=\"wpb_wrapper\">\r\n\t\r\n\t\t<div class=\"wpb_text_column wpb_content_element  thegem-vc-text thegem-custom-69edac6572aee8626\"  >\r\n\t\t\t<div class=\"wpb_wrapper\">\r\n\t\t\t\t<div class=\"title-h3 white\">Proceso:<\/div>\n\r\n\t\t\t<\/div>\r\n\t\t<\/div>\r\n\t\r\n\r\n\t\r\n\t\t<div class=\"wpb_text_column wpb_content_element  thegem-vc-text thegem-custom-69edac6572c782218\"  >\r\n\t\t\t<div class=\"wpb_wrapper\">\r\n\t\t\t\t<div class=\"styled-subtitle\">\n<p>Para esta gigantesca empresa, colaboramos con la NEA casi a diario para organizar las aprobaciones de los guiones, los cortes y la entrega.<\/p>\n<\/div>\n\r\n\t\t\t<\/div>\r\n\t\t<\/div>\r\n\t\r\n<\/div><\/div><\/div><\/div><div class=\"vc_row wpb_row vc_inner vc_row-fluid custom-inner-column-69edac6572dd4\"><div class=\"wpb_column vc_column_container vc_col-sm-12\"><div class=\"vc_column-inner thegem-custom-inner-69edac6572eee \"><div class=\"wpb_wrapper\">\r\n\t\r\n\t\t<div class=\"wpb_text_column wpb_content_element  thegem-vc-text thegem-custom-69edac65730862048\"  >\r\n\t\t\t<div class=\"wpb_wrapper\">\r\n\t\t\t\t<div class=\"title-h3 white\">\u00a1Planificaci\u00f3n!<\/div>\n\r\n\t\t\t<\/div>\r\n\t\t<\/div>\r\n\t\r\n\r\n\t\r\n\t\t<div class=\"wpb_text_column wpb_content_element  thegem-vc-text thegem-custom-69edac65731ec1144\"  >\r\n\t\t\t<div class=\"wpb_wrapper\">\r\n\t\t\t\t<div class=\"styled-subtitle\">\n<p>Esta serie de pel\u00edculas no solo requiri\u00f3 una meticulosa preproducci\u00f3n para asegurar que pudi\u00e9ramos filmar todos estos lugares y personas dentro del alcance del presupuesto y el cronograma de entrega. El orden de los estados filmados se convirti\u00f3 en un enorme rompecabezas que necesit\u00e1bamos armar lentamente. Tuvimos que hacer malabares no solo con la lista de deseos de entrega de la NEA, sino tambi\u00e9n con la disponibilidad de talentos, entrevistados, festivales, horarios de los museos, estrenos, inauguraciones y preocupaciones espec\u00edficas con respecto a la ubicaci\u00f3n.<\/p>\n<p>Por ejemplo, nos enteramos de que solo hay DOS vuelos que entran y salen de Samoa Americana cada semana. Debido a las diferencias de tiempo y la tecnolog\u00eda disponible en el lugar, tuvimos que enviar a nuestro equipo con el objetivo de crear y filmar la pieza completa sobre la marcha con la ayuda del Consejo de Artes local. \u00bfY hablar del servicio de celular? \u00a1Ninguno! \u00bfInternet? \u00bfSe acuerda de la conexi\u00f3n dial up? Enviamos al Presidente de la compa\u00f1\u00eda porque sab\u00edamos que ten\u00edamos UNA oportunidad para cerrar y cargar esta pieza. Eso tambi\u00e9n signific\u00f3 que PERDIMOS a nuestra Escritora\/Directora durante esa semana mientras seguimos adelante y creamos 11 pel\u00edculas adicionales mientras ella no estaba.<\/p>\n<p>Este fue un viaje incre\u00edble y una lecci\u00f3n que cambi\u00f3 la vida sobre el trabajo vital de la NEA y el estado de las artes en nuestro pa\u00eds. Adem\u00e1s, fue una oportunidad para que todos los miembros del equipo pasaran algunos a\u00f1os realmente disfrutando de su trabajo y sintiendo que estaban marcando la diferencia.<\/p>\n<\/div>\n\r\n\t\t\t<\/div>\r\n\t\t<\/div>\r\n\t\r\n<\/div><\/div><\/div><\/div><\/div><\/div><\/div>[\/vc_column][\/vc_row][vc_row css=&#8221;.vc_custom_1502912860141{margin-top: 0px !important;margin-bottom: 0px !important;padding-top: 0px !important;padding-bottom: 0px !important;}&#8221;][vc_column css=&#8221;.vc_custom_1502912853028{margin-top: 0px !important;margin-bottom: 0px !important;padding-top: 0px !important;padding-bottom: 0px !important;}&#8221;][\/vc_column][\/vc_row][vc_row disable_element=&#8221;yes&#8221; css=&#8221;.vc_custom_1639742729672{margin-top: 0px !important;margin-right: 0px !important;margin-bottom: 0px !important;margin-left: 0px !important;border-top-width: 0px !important;border-right-width: 0px !important;border-bottom-width: 0px !important;border-left-width: 0px !important;padding-top: 0px !important;padding-right: 0px !important;padding-bottom: 0px !important;padding-left: 0px !important;}&#8221;][vc_column css=&#8221;.vc_custom_1504619896726{margin-top: 0px !important;margin-right: 0px !important;margin-bottom: 0px !important;margin-left: 0px !important;border-top-width: 0px !important;border-right-width: 0px !important;border-bottom-width: 0px !important;border-left-width: 0px !important;padding-top: 0px !important;padding-right: 0px !important;padding-bottom: 0px !important;padding-left: 0px !important;}&#8221;][\/vc_column][\/vc_row]<\/p>\n","protected":false},"excerpt":{"rendered":"","protected":false},"author":1,"featured_media":0,"parent":0,"menu_order":0,"comment_status":"closed","ping_status":"closed","template":"","meta":{"footnotes":""},"class_list":["post-33157","page","type-page","status-publish"],"acf":[],"yoast_head":"<!-- This site is optimized with the Yoast SEO plugin v18.5 - https:\/\/yoast.com\/wordpress\/plugins\/seo\/ -->\n<title>Estudio de caso: NEA - Fire Starter Studios<\/title>\n<meta name=\"description\" content=\"Estudio de caso: NEA . Discover this and more from Fire Starter Studios - video production company.\" \/>\n<meta name=\"robots\" content=\"index, follow, max-snippet:-1, max-image-preview:large, max-video-preview:-1\" \/>\n<link rel=\"canonical\" href=\"https:\/\/firestarter-studios.com\/es\/estudio-de-caso-nea\/\" \/>\n<meta property=\"og:locale\" content=\"es_ES\" \/>\n<meta property=\"og:type\" content=\"article\" \/>\n<meta property=\"og:title\" content=\"Estudio de caso: NEA - Fire Starter Studios\" \/>\n<meta property=\"og:description\" content=\"Estudio de caso: NEA . Discover this and more from Fire Starter Studios - video production company.\" \/>\n<meta property=\"og:url\" content=\"https:\/\/firestarter-studios.com\/es\/estudio-de-caso-nea\/\" \/>\n<meta property=\"og:site_name\" content=\"Fire Starter Studios\" \/>\n<meta property=\"article:modified_time\" content=\"2022-09-29T12:23:45+00:00\" \/>\n<meta name=\"twitter:card\" content=\"summary\" \/>\n<meta name=\"twitter:label1\" content=\"Tiempo de lectura\" \/>\n\t<meta name=\"twitter:data1\" content=\"4 minutos\" \/>\n<!-- \/ Yoast SEO plugin. -->","yoast_head_json":{"title":"Estudio de caso: NEA - Fire Starter Studios","description":"Estudio de caso: NEA . Discover this and more from Fire Starter Studios - video production company.","robots":{"index":"index","follow":"follow","max-snippet":"max-snippet:-1","max-image-preview":"max-image-preview:large","max-video-preview":"max-video-preview:-1"},"canonical":"https:\/\/firestarter-studios.com\/es\/estudio-de-caso-nea\/","og_locale":"es_ES","og_type":"article","og_title":"Estudio de caso: NEA - Fire Starter Studios","og_description":"Estudio de caso: NEA . Discover this and more from Fire Starter Studios - video production company.","og_url":"https:\/\/firestarter-studios.com\/es\/estudio-de-caso-nea\/","og_site_name":"Fire Starter Studios","article_modified_time":"2022-09-29T12:23:45+00:00","twitter_card":"summary","twitter_misc":{"Tiempo de lectura":"4 minutos"},"schema":{"@context":"https:\/\/schema.org","@graph":[{"@type":"Organization","@id":"https:\/\/firestarter-studios.com\/#organization","name":"Fire Starter Studios","url":"https:\/\/firestarter-studios.com\/","sameAs":[],"logo":{"@type":"ImageObject","@id":"https:\/\/firestarter-studios.com\/#logo","inLanguage":"es","url":"https:\/\/firestarter-studios.com\/wp-content\/uploads\/2021\/12\/fire-starter-studios-logo.png","contentUrl":"https:\/\/firestarter-studios.com\/wp-content\/uploads\/2021\/12\/fire-starter-studios-logo.png","width":264,"height":62,"caption":"Fire Starter Studios"},"image":{"@id":"https:\/\/firestarter-studios.com\/#logo"}},{"@type":"WebSite","@id":"https:\/\/firestarter-studios.com\/#website","url":"https:\/\/firestarter-studios.com\/","name":"Fire Starter Studios","description":"Creative Storytelling for Entertainment, Brands, and Businesses","publisher":{"@id":"https:\/\/firestarter-studios.com\/#organization"},"potentialAction":[{"@type":"SearchAction","target":{"@type":"EntryPoint","urlTemplate":"https:\/\/firestarter-studios.com\/?s={search_term_string}"},"query-input":"required name=search_term_string"}],"inLanguage":"es"},{"@type":"WebPage","@id":"https:\/\/firestarter-studios.com\/es\/estudio-de-caso-nea\/#webpage","url":"https:\/\/firestarter-studios.com\/es\/estudio-de-caso-nea\/","name":"Estudio de caso: NEA - Fire Starter Studios","isPartOf":{"@id":"https:\/\/firestarter-studios.com\/#website"},"datePublished":"2022-01-06T12:21:49+00:00","dateModified":"2022-09-29T12:23:45+00:00","description":"Estudio de caso: NEA . Discover this and more from Fire Starter Studios - video production company.","breadcrumb":{"@id":"https:\/\/firestarter-studios.com\/es\/estudio-de-caso-nea\/#breadcrumb"},"inLanguage":"es","potentialAction":[{"@type":"ReadAction","target":["https:\/\/firestarter-studios.com\/es\/estudio-de-caso-nea\/"]}]},{"@type":"BreadcrumbList","@id":"https:\/\/firestarter-studios.com\/es\/estudio-de-caso-nea\/#breadcrumb","itemListElement":[{"@type":"ListItem","position":1,"name":"Home","item":"https:\/\/firestarter-studios.com\/es\/"},{"@type":"ListItem","position":2,"name":"Estudio de caso: NEA"}]}]}},"_links":{"self":[{"href":"https:\/\/firestarter-studios.com\/es\/wp-json\/wp\/v2\/pages\/33157","targetHints":{"allow":["GET"]}}],"collection":[{"href":"https:\/\/firestarter-studios.com\/es\/wp-json\/wp\/v2\/pages"}],"about":[{"href":"https:\/\/firestarter-studios.com\/es\/wp-json\/wp\/v2\/types\/page"}],"author":[{"embeddable":true,"href":"https:\/\/firestarter-studios.com\/es\/wp-json\/wp\/v2\/users\/1"}],"replies":[{"embeddable":true,"href":"https:\/\/firestarter-studios.com\/es\/wp-json\/wp\/v2\/comments?post=33157"}],"version-history":[{"count":3,"href":"https:\/\/firestarter-studios.com\/es\/wp-json\/wp\/v2\/pages\/33157\/revisions"}],"predecessor-version":[{"id":33670,"href":"https:\/\/firestarter-studios.com\/es\/wp-json\/wp\/v2\/pages\/33157\/revisions\/33670"}],"wp:attachment":[{"href":"https:\/\/firestarter-studios.com\/es\/wp-json\/wp\/v2\/media?parent=33157"}],"curies":[{"name":"wp","href":"https:\/\/api.w.org\/{rel}","templated":true}]}}